{"id":1503,"date":"2017-08-05T19:50:27","date_gmt":"2017-08-05T18:50:27","guid":{"rendered":"http:\/\/stindubravy.cz\/?page_id=1503"},"modified":"2017-08-05T19:56:04","modified_gmt":"2017-08-05T18:56:04","slug":"jsem-mala-ale-sikovna-no-jen-se-podivejte","status":"publish","type":"page","link":"http:\/\/stindubravy.cz\/?page_id=1503","title":{"rendered":"Jsem mal\u00e1, ale \u0161ikovn\u00e1&#8230; no jen se pod\u00edvejte"},"content":{"rendered":"<div class=\"mp-row-fluid motopress-row mpce-dsbl-margin-left mpce-dsbl-margin-right\">\n<div class=\"motopress-clmn mp-span12  mpce-dsbl-margin-left mpce-dsbl-margin-right\">\n<div class=\"motopress-grid-gallery-obj motopress-grid-gallery-obj-basic\"><div class=\"mp-row-fluid\"><div class=\"mp-span4\"><a href=\"http:\/\/stindubravy.cz\/wp-content\/uploads\/2017\/08\/1Kr\u00e1sn\u011b-sed\u00edm...-5.8.2017.jpg\" data-action=\"motopressGalleryLightbox\" target=\"_self\" title=\"U\u017e kr\u00e1sn\u011b sed\u00edm..., 5.8.2017\"><img src=\"http:\/\/stindubravy.cz\/wp-content\/uploads\/2017\/08\/1Kr\u00e1sn\u011b-sed\u00edm...-5.8.2017-800x600.jpg\" title=\"U\u017e kr\u00e1sn\u011b sed\u00edm..., 5.8.2017\" alt=\"U\u017e kr\u00e1sn\u011b sed\u00edm..., 5.8.2017\" \/><\/a><p class=\"motopress-image-caption\">U\u017e kr\u00e1sn\u011b sed\u00edm..., 5.8.2017<\/p><\/div><div class=\"mp-span4\"><a href=\"http:\/\/stindubravy.cz\/wp-content\/uploads\/2017\/08\/2...le\u017e\u00edm...-5.8.2017.jpg\" data-action=\"motopressGalleryLightbox\" target=\"_self\" title=\"...i le\u017e\u00edm..., 5.8.2017\"><img src=\"http:\/\/stindubravy.cz\/wp-content\/uploads\/2017\/08\/2...le\u017e\u00edm...-5.8.2017-800x600.jpg\" title=\"...i le\u017e\u00edm..., 5.8.2017\" alt=\"...i le\u017e\u00edm..., 5.8.2017\" \/><\/a><p class=\"motopress-image-caption\">...i le\u017e\u00edm..., 5.8.2017<\/p><\/div><div class=\"mp-span4\"><a href=\"http:\/\/stindubravy.cz\/wp-content\/uploads\/2017\/08\/3...i-st\u016fj-u\u017e-um\u00edm...-5.8.2017.jpg\" data-action=\"motopressGalleryLightbox\" target=\"_self\" title=\"...taky 'st\u016fj' u\u017e um\u00edm..., 5.8.2017\"><img src=\"http:\/\/stindubravy.cz\/wp-content\/uploads\/2017\/08\/3...i-st\u016fj-u\u017e-um\u00edm...-5.8.2017-800x600.jpg\" title=\"...taky &#039;st\u016fj&#039; u\u017e um\u00edm..., 5.8.2017\" alt=\"...taky 'st\u016fj' u\u017e um\u00edm..., 5.8.2017\" \/><\/a><p class=\"motopress-image-caption\">...taky 'st\u016fj' u\u017e um\u00edm..., 5.8.2017<\/p><\/div><\/div><\/div>\n<\/div>\n<\/div>\n<div class=\"mp-row-fluid motopress-row mpce-dsbl-margin-left mpce-dsbl-margin-right\">\n<div class=\"motopress-clmn mp-span2  mpce-dsbl-margin-left mpce-dsbl-margin-right  motopress-empty mp-hidden-phone\">\n<\/div>\n<div class=\"motopress-clmn mp-span8  mpce-dsbl-margin-left mpce-dsbl-margin-right\">\n<div class=\"motopress-grid-gallery-obj motopress-grid-gallery-obj-basic\"><div class=\"mp-row-fluid\"><div class=\"mp-span6\"><a href=\"http:\/\/stindubravy.cz\/wp-content\/uploads\/2017\/08\/4...a-tak-jdeme-chodit-p\u011bkn\u011b-k-noze...-5.8.2017.jpg\" data-action=\"motopressGalleryLightbox\" target=\"_self\" title=\"...a te\u010f jdeme chodit, p\u011bkn\u011b 'k noze'..., 5.8.2017\"><img src=\"http:\/\/stindubravy.cz\/wp-content\/uploads\/2017\/08\/4...a-tak-jdeme-chodit-p\u011bkn\u011b-k-noze...-5.8.2017-800x600.jpg\" title=\"...a te\u010f jdeme chodit, p\u011bkn\u011b &#039;k noze&#039;..., 5.8.2017\" alt=\"...a te\u010f jdeme chodit, p\u011bkn\u011b 'k noze'..., 5.8.2017\" \/><\/a><p class=\"motopress-image-caption\">...a te\u010f jdeme chodit, p\u011bkn\u011b 'k noze'..., 5.8.2017<\/p><\/div><div class=\"mp-span6\"><a href=\"http:\/\/stindubravy.cz\/wp-content\/uploads\/2017\/08\/5...nachyst\u00e1me-se...-5.8.2017.jpg\" data-action=\"motopressGalleryLightbox\" target=\"_self\" title=\"...nachyst\u00e1me se..., 5.8.2017\"><img src=\"http:\/\/stindubravy.cz\/wp-content\/uploads\/2017\/08\/5...nachyst\u00e1me-se...-5.8.2017-800x600.jpg\" title=\"...nachyst\u00e1me se..., 5.8.2017\" alt=\"...nachyst\u00e1me se..., 5.8.2017\" \/><\/a><p class=\"motopress-image-caption\">...nachyst\u00e1me se..., 5.8.2017<\/p><\/div><\/div><\/div>\n<\/div>\n<div class=\"motopress-clmn mp-span2  mpce-dsbl-margin-left mpce-dsbl-margin-right  motopress-empty mp-hidden-phone\">\n<\/div>\n<\/div>\n<div class=\"mp-row-fluid motopress-row mpce-dsbl-margin-left mpce-dsbl-margin-right\">\n<div class=\"motopress-clmn mp-span2  mpce-dsbl-margin-left mpce-dsbl-margin-right  motopress-empty mp-hidden-phone\">\n<\/div>\n<div class=\"motopress-clmn mp-span8  mpce-dsbl-margin-left mpce-dsbl-margin-right\">\n<div class=\"motopress-grid-gallery-obj motopress-grid-gallery-obj-basic\"><div class=\"mp-row-fluid\"><div class=\"mp-span6\"><a href=\"http:\/\/stindubravy.cz\/wp-content\/uploads\/2017\/08\/6...a-u\u017e-kr\u00e1\u010d\u00edme...-5.8.2017.jpg\" data-action=\"motopressGalleryLightbox\" target=\"_self\" title=\"...a u\u017e kr\u00e1\u010d\u00edme..., 5.8.2017\"><img src=\"http:\/\/stindubravy.cz\/wp-content\/uploads\/2017\/08\/6...a-u\u017e-kr\u00e1\u010d\u00edme...-5.8.2017-800x600.jpg\" title=\"...a u\u017e kr\u00e1\u010d\u00edme..., 5.8.2017\" alt=\"...a u\u017e kr\u00e1\u010d\u00edme..., 5.8.2017\" \/><\/a><p class=\"motopress-image-caption\">...a u\u017e kr\u00e1\u010d\u00edme..., 5.8.2017<\/p><\/div><div class=\"mp-span6\"><a href=\"http:\/\/stindubravy.cz\/wp-content\/uploads\/2017\/08\/7...a-kon\u010d\u00edme-p\u0159irozen\u011b-zase-u-nohy...-5.8.2017.jpg\" data-action=\"motopressGalleryLightbox\" target=\"_self\" title=\"...a kon\u010d\u00edme, p\u0159irozen\u011b zase u nohy, 5.8.2017\"><img src=\"http:\/\/stindubravy.cz\/wp-content\/uploads\/2017\/08\/7...a-kon\u010d\u00edme-p\u0159irozen\u011b-zase-u-nohy...-5.8.2017-800x600.jpg\" title=\"...a kon\u010d\u00edme, p\u0159irozen\u011b zase u nohy, 5.8.2017\" alt=\"...a kon\u010d\u00edme, p\u0159irozen\u011b zase u nohy, 5.8.2017\" \/><\/a><p class=\"motopress-image-caption\">...a kon\u010d\u00edme, p\u0159irozen\u011b zase u nohy, 5.8.2017<\/p><\/div><\/div><\/div>\n<\/div>\n<div class=\"motopress-clmn mp-span2  mpce-dsbl-margin-left mpce-dsbl-margin-right  motopress-empty mp-hidden-phone\">\n<\/div>\n<\/div>\n","protected":false},"excerpt":{"rendered":"U\u017e kr\u00e1sn\u011b sed\u00edm&#8230;, 5.8.2017&#8230;i le\u017e\u00edm&#8230;, 5.8.2017&#8230;taky &#8218;st\u016fj&#8216; u\u017e um\u00edm&#8230;, 5.8.2017 &#8230;a te\u010f jdeme chodit, p\u011bkn\u011b &#8218;k noze&#8217;&#8230;, 5.8.2017&#8230;nachyst\u00e1me se&#8230;, 5.8.2017 &#8230;a u\u017e kr\u00e1\u010d\u00edme&#8230;, 5.8.2017&#8230;a kon\u010d\u00edme, p\u0159irozen\u011b zase u nohy, 5.8.2017","protected":false},"author":2,"featured_media":0,"parent":78,"menu_order":27,"comment_status":"closed","ping_status":"closed","template":"template-fullwidth.php","meta":[],"_links":{"self":[{"href":"http:\/\/stindubravy.cz\/index.php?rest_route=\/wp\/v2\/pages\/1503"}],"collection":[{"href":"http:\/\/stindubravy.cz\/index.php?rest_route=\/wp\/v2\/pages"}],"about":[{"href":"http:\/\/stindubravy.cz\/index.php?rest_route=\/wp\/v2\/types\/page"}],"author":[{"embeddable":true,"href":"http:\/\/stindubravy.cz\/index.php?rest_route=\/wp\/v2\/users\/2"}],"replies":[{"embeddable":true,"href":"http:\/\/stindubravy.cz\/index.php?rest_route=%2Fwp%2Fv2%2Fcomments&post=1503"}],"version-history":[{"count":4,"href":"http:\/\/stindubravy.cz\/index.php?rest_route=\/wp\/v2\/pages\/1503\/revisions"}],"predecessor-version":[{"id":1514,"href":"http:\/\/stindubravy.cz\/index.php?rest_route=\/wp\/v2\/pages\/1503\/revisions\/1514"}],"up":[{"embeddable":true,"href":"http:\/\/stindubravy.cz\/index.php?rest_route=\/wp\/v2\/pages\/78"}],"wp:attachment":[{"href":"http:\/\/stindubravy.cz\/index.php?rest_route=%2Fwp%2Fv2%2Fmedia&parent=1503"}],"curies":[{"name":"wp","href":"https:\/\/api.w.org\/{rel}","templated":true}]}}