{"id":1547,"date":"2017-08-21T06:02:53","date_gmt":"2017-08-21T05:02:53","guid":{"rendered":"http:\/\/stindubravy.cz\/?page_id=1547"},"modified":"2017-08-21T06:38:43","modified_gmt":"2017-08-21T05:38:43","slug":"jak-kapinka-zacala-obrany","status":"publish","type":"page","link":"http:\/\/stindubravy.cz\/?page_id=1547","title":{"rendered":"Jak si Kapinka hraje na obran\u00e1ch"},"content":{"rendered":"<div class=\"mp-row-fluid motopress-row mpce-dsbl-margin-left mpce-dsbl-margin-right\">\n<div class=\"motopress-clmn mp-span12  mpce-dsbl-margin-left mpce-dsbl-margin-right\">\n<div class=\"motopress-grid-gallery-obj motopress-grid-gallery-obj-basic motopress-grid-gallery-need-recalc\"><div class=\"mp-row-fluid\"><div class=\"mp-span4\"><a href=\"http:\/\/stindubravy.cz\/wp-content\/uploads\/2017\/08\/1-Te\u010f-je\u0161t\u011b-vypad\u00e1m-jako-beru\u0161ka-ale...-16.8.2017.jpg\" data-action=\"motopressGalleryLightbox\" target=\"_self\" title=\"Te\u010f je\u0161t\u011b vypad\u00e1m jako beru\u0161ka, ale... 16.8.2017\"><img src=\"http:\/\/stindubravy.cz\/wp-content\/uploads\/2017\/08\/1-Te\u010f-je\u0161t\u011b-vypad\u00e1m-jako-beru\u0161ka-ale...-16.8.2017-800x533.jpg\" title=\"Te\u010f je\u0161t\u011b vypad\u00e1m jako beru\u0161ka, ale... 16.8.2017\" alt=\"Te\u010f je\u0161t\u011b vypad\u00e1m jako beru\u0161ka, ale... 16.8.2017\" \/><\/a><p class=\"motopress-image-caption\">Te\u010f je\u0161t\u011b vypad\u00e1m jako beru\u0161ka, ale... 16.8.2017<\/p><\/div><div class=\"mp-span4\"><a href=\"http:\/\/stindubravy.cz\/wp-content\/uploads\/2017\/08\/2...a-v-toto-se-zm\u011bn\u00edm-b\u011bhem-sekundy...-16.8.2017.jpg\" data-action=\"motopressGalleryLightbox\" target=\"_self\" title=\"...v toto se zm\u011bn\u00edm b\u011bhem sekundy..., 16.8.2017\"><img src=\"http:\/\/stindubravy.cz\/wp-content\/uploads\/2017\/08\/2...a-v-toto-se-zm\u011bn\u00edm-b\u011bhem-sekundy...-16.8.2017-800x533.jpg\" title=\"...v toto se zm\u011bn\u00edm b\u011bhem sekundy..., 16.8.2017\" alt=\"...v toto se zm\u011bn\u00edm b\u011bhem sekundy..., 16.8.2017\" \/><\/a><p class=\"motopress-image-caption\">...v toto se zm\u011bn\u00edm b\u011bhem sekundy..., 16.8.2017<\/p><\/div><div class=\"mp-span4\"><a href=\"http:\/\/stindubravy.cz\/wp-content\/uploads\/2017\/08\/3...t\u00e1\u00e1m-je-hra\u010dka...-16.8.2017.jpg\" data-action=\"motopressGalleryLightbox\" target=\"_self\" title=\"...t\u00e1\u00e1m je hra\u010dka..., 16.8.2017\"><img src=\"http:\/\/stindubravy.cz\/wp-content\/uploads\/2017\/08\/3...t\u00e1\u00e1m-je-hra\u010dka...-16.8.2017-800x533.jpg\" title=\"...t\u00e1\u00e1m je hra\u010dka..., 16.8.2017\" alt=\"...t\u00e1\u00e1m je hra\u010dka..., 16.8.2017\" \/><\/a><p class=\"motopress-image-caption\">...t\u00e1\u00e1m je hra\u010dka..., 16.8.2017<\/p><\/div><\/div><div class=\"mp-row-fluid\"><div class=\"mp-span4\"><a href=\"http:\/\/stindubravy.cz\/wp-content\/uploads\/2017\/08\/4...a-m\u00e1m-ji...-16.8.2017.jpg\" data-action=\"motopressGalleryLightbox\" target=\"_self\" title=\"...a m\u00e1m ji..., 16.8.2017\"><img src=\"http:\/\/stindubravy.cz\/wp-content\/uploads\/2017\/08\/4...a-m\u00e1m-ji...-16.8.2017-800x533.jpg\" title=\"...a m\u00e1m ji..., 16.8.2017\" alt=\"...a m\u00e1m ji..., 16.8.2017\" \/><\/a><p class=\"motopress-image-caption\">...a m\u00e1m ji..., 16.8.2017<\/p><\/div><div class=\"mp-span4\"><a href=\"http:\/\/stindubravy.cz\/wp-content\/uploads\/2017\/08\/5...moje-hadra...-16.8.2017.jpg\" data-action=\"motopressGalleryLightbox\" target=\"_self\" title=\"...moje hadra..., 16.8.2017\"><img src=\"http:\/\/stindubravy.cz\/wp-content\/uploads\/2017\/08\/5...moje-hadra...-16.8.2017-800x533.jpg\" title=\"...moje hadra..., 16.8.2017\" alt=\"...moje hadra..., 16.8.2017\" \/><\/a><p class=\"motopress-image-caption\">...moje hadra..., 16.8.2017<\/p><\/div><div class=\"mp-span4\"><a href=\"http:\/\/stindubravy.cz\/wp-content\/uploads\/2017\/08\/6...\u0159\u00edk\u00e1m-to-snad-dost-jasn\u00e9-moje...-16.8.2017.jpg\" data-action=\"motopressGalleryLightbox\" target=\"_self\" title=\"...\u0159\u00edk\u00e1m to snad dost jasn\u011b - moje..., 16.8.2017\"><img src=\"http:\/\/stindubravy.cz\/wp-content\/uploads\/2017\/08\/6...\u0159\u00edk\u00e1m-to-snad-dost-jasn\u00e9-moje...-16.8.2017-800x533.jpg\" title=\"...\u0159\u00edk\u00e1m to snad dost jasn\u011b - moje..., 16.8.2017\" alt=\"...\u0159\u00edk\u00e1m to snad dost jasn\u011b - moje..., 16.8.2017\" \/><\/a><p class=\"motopress-image-caption\">...\u0159\u00edk\u00e1m to snad dost jasn\u011b - moje..., 16.8.2017<\/p><\/div><\/div><div class=\"mp-row-fluid\"><div class=\"mp-span4\"><a href=\"http:\/\/stindubravy.cz\/wp-content\/uploads\/2017\/08\/8...m\u00e1\u0161-posledn\u00ed-\u0161anci-pustit...-16.8.2017.jpg\" data-action=\"motopressGalleryLightbox\" target=\"_self\" title=\"...m\u00e1\u0161 posledn\u00ed \u0161anci pustit..., 16.8.2017\"><img src=\"http:\/\/stindubravy.cz\/wp-content\/uploads\/2017\/08\/8...m\u00e1\u0161-posledn\u00ed-\u0161anci-pustit...-16.8.2017-800x533.jpg\" title=\"...m\u00e1\u0161 posledn\u00ed \u0161anci pustit..., 16.8.2017\" alt=\"...m\u00e1\u0161 posledn\u00ed \u0161anci pustit..., 16.8.2017\" \/><\/a><p class=\"motopress-image-caption\">...m\u00e1\u0161 posledn\u00ed \u0161anci pustit..., 16.8.2017<\/p><\/div><div class=\"mp-span4\"><a href=\"http:\/\/stindubravy.cz\/wp-content\/uploads\/2017\/08\/9...tak-teda-druh\u00e9-kolo...-16.8.2017.jpg\" data-action=\"motopressGalleryLightbox\" target=\"_self\" title=\"...tak teda druh\u00e9 kolo..., 16.8.2017\"><img src=\"http:\/\/stindubravy.cz\/wp-content\/uploads\/2017\/08\/9...tak-teda-druh\u00e9-kolo...-16.8.2017-800x533.jpg\" title=\"...tak teda druh\u00e9 kolo..., 16.8.2017\" alt=\"...tak teda druh\u00e9 kolo..., 16.8.2017\" \/><\/a><p class=\"motopress-image-caption\">...tak teda druh\u00e9 kolo..., 16.8.2017<\/p><\/div><div class=\"mp-span4\"><a href=\"http:\/\/stindubravy.cz\/wp-content\/uploads\/2017\/08\/10...\u010dek\u00e1m-co-vymysl\u00ed\u0161...-16.8.2017.jpg\" data-action=\"motopressGalleryLightbox\" target=\"_self\" title=\"...\u010dek\u00e1m co vymysl\u00ed\u0161..., 16.8.2017\"><img src=\"http:\/\/stindubravy.cz\/wp-content\/uploads\/2017\/08\/10...\u010dek\u00e1m-co-vymysl\u00ed\u0161...-16.8.2017-800x533.jpg\" title=\"...\u010dek\u00e1m co vymysl\u00ed\u0161..., 16.8.2017\" alt=\"...\u010dek\u00e1m co vymysl\u00ed\u0161..., 16.8.2017\" \/><\/a><p class=\"motopress-image-caption\">...\u010dek\u00e1m co vymysl\u00ed\u0161..., 16.8.2017<\/p><\/div><\/div><div class=\"mp-row-fluid\"><div class=\"mp-span4\"><a href=\"http:\/\/stindubravy.cz\/wp-content\/uploads\/2017\/08\/11...a-jdeme-na-to...-16.8.2017.jpg\" data-action=\"motopressGalleryLightbox\" target=\"_self\" title=\"...a jdeme na to..., 16.8.2017\"><img src=\"http:\/\/stindubravy.cz\/wp-content\/uploads\/2017\/08\/11...a-jdeme-na-to...-16.8.2017-800x533.jpg\" title=\"...a jdeme na to..., 16.8.2017\" alt=\"...a jdeme na to..., 16.8.2017\" \/><\/a><p class=\"motopress-image-caption\">...a jdeme na to..., 16.8.2017<\/p><\/div><div class=\"mp-span4\"><a href=\"http:\/\/stindubravy.cz\/wp-content\/uploads\/2017\/08\/12...setina-sekundy-p\u0159ed-m\u00fdm-n\u00e1dhern\u00fdm-z\u00e1kusem...-16.8.2017.jpg\" data-action=\"motopressGalleryLightbox\" target=\"_self\" title=\"...setina sekundy p\u0159ed m\u00fdm n\u00e1dhern\u00fdm z\u00e1kusem..., 16.8.2017\"><img src=\"http:\/\/stindubravy.cz\/wp-content\/uploads\/2017\/08\/12...setina-sekundy-p\u0159ed-m\u00fdm-n\u00e1dhern\u00fdm-z\u00e1kusem...-16.8.2017-800x533.jpg\" title=\"...setina sekundy p\u0159ed m\u00fdm n\u00e1dhern\u00fdm z\u00e1kusem..., 16.8.2017\" alt=\"...setina sekundy p\u0159ed m\u00fdm n\u00e1dhern\u00fdm z\u00e1kusem..., 16.8.2017\" \/><\/a><p class=\"motopress-image-caption\">...setina sekundy p\u0159ed m\u00fdm n\u00e1dhern\u00fdm z\u00e1kusem..., 16.8.2017<\/p><\/div><div class=\"mp-span4\"><a href=\"http:\/\/stindubravy.cz\/wp-content\/uploads\/2017\/08\/13...a-je-to-tady...-16.8.2017.jpg\" data-action=\"motopressGalleryLightbox\" target=\"_self\" title=\"...a je to tady..., 16.8.2017\"><img src=\"http:\/\/stindubravy.cz\/wp-content\/uploads\/2017\/08\/13...a-je-to-tady...-16.8.2017-800x533.jpg\" title=\"...a je to tady..., 16.8.2017\" alt=\"...a je to tady..., 16.8.2017\" \/><\/a><p class=\"motopress-image-caption\">...a je to tady..., 16.8.2017<\/p><\/div><\/div><div class=\"mp-row-fluid\"><div class=\"mp-span4\"><a href=\"http:\/\/stindubravy.cz\/wp-content\/uploads\/2017\/08\/14...sed\u00ed\u0161-pevn\u011b...-16.8.2017.jpg\" data-action=\"motopressGalleryLightbox\" target=\"_self\" title=\"...sed\u00ed\u0161 pevn\u011b?..., 16.8.2017\"><img src=\"http:\/\/stindubravy.cz\/wp-content\/uploads\/2017\/08\/14...sed\u00ed\u0161-pevn\u011b...-16.8.2017-800x533.jpg\" title=\"...sed\u00ed\u0161 pevn\u011b?..., 16.8.2017\" alt=\"...sed\u00ed\u0161 pevn\u011b?..., 16.8.2017\" \/><\/a><p class=\"motopress-image-caption\">...sed\u00ed\u0161 pevn\u011b?..., 16.8.2017<\/p><\/div><div class=\"mp-span4\"><a href=\"http:\/\/stindubravy.cz\/wp-content\/uploads\/2017\/08\/15...ti-uk\u00e1\u017eu-\u017ee-moc-ne...-16.8.2017.jpg\" data-action=\"motopressGalleryLightbox\" target=\"_self\" title=\"...ti uk\u00e1\u017eu, \u017ee moc ne..., 16.8.2017\"><img src=\"http:\/\/stindubravy.cz\/wp-content\/uploads\/2017\/08\/15...ti-uk\u00e1\u017eu-\u017ee-moc-ne...-16.8.2017-800x533.jpg\" title=\"...ti uk\u00e1\u017eu, \u017ee moc ne..., 16.8.2017\" alt=\"...ti uk\u00e1\u017eu, \u017ee moc ne..., 16.8.2017\" \/><\/a><p class=\"motopress-image-caption\">...ti uk\u00e1\u017eu, \u017ee moc ne..., 16.8.2017<\/p><\/div><div class=\"mp-span4\"><a href=\"http:\/\/stindubravy.cz\/wp-content\/uploads\/2017\/08\/16...ta-ruka-ti-nepom\u016f\u017ee...-16.8.2017.jpg\" data-action=\"motopressGalleryLightbox\" target=\"_self\" title=\"...ta ruka ti nepom\u016f\u017ee..., 16.8.2017\"><img src=\"http:\/\/stindubravy.cz\/wp-content\/uploads\/2017\/08\/16...ta-ruka-ti-nepom\u016f\u017ee...-16.8.2017-800x533.jpg\" title=\"...ta ruka ti nepom\u016f\u017ee..., 16.8.2017\" alt=\"...ta ruka ti nepom\u016f\u017ee..., 16.8.2017\" \/><\/a><p class=\"motopress-image-caption\">...ta ruka ti nepom\u016f\u017ee..., 16.8.2017<\/p><\/div><\/div><div class=\"mp-row-fluid\"><div class=\"mp-span4\"><a href=\"http:\/\/stindubravy.cz\/wp-content\/uploads\/2017\/08\/17...a-do-t\u0159etice...-16.8.2017.jpg\" data-action=\"motopressGalleryLightbox\" target=\"_self\" title=\"...a do t\u0159etice..., 16.8.2017\"><img src=\"http:\/\/stindubravy.cz\/wp-content\/uploads\/2017\/08\/17...a-do-t\u0159etice...-16.8.2017-800x533.jpg\" title=\"...a do t\u0159etice..., 16.8.2017\" alt=\"...a do t\u0159etice..., 16.8.2017\" \/><\/a><p class=\"motopress-image-caption\">...a do t\u0159etice..., 16.8.2017<\/p><\/div><div class=\"mp-span4\"><a href=\"http:\/\/stindubravy.cz\/wp-content\/uploads\/2017\/08\/18...a-je\u0161t\u011b-u-toho-kous\u00e1n\u00ed-um\u00edm-b\u00fdt-roztomil\u00e1...-16.8.2017.jpg\" data-action=\"motopressGalleryLightbox\" target=\"_self\" title=\"...a je\u0161t\u011b u toho kous\u00e1n\u00ed um\u00edm b\u00fdt roztomil\u00e1..., 16.8.2017\"><img src=\"http:\/\/stindubravy.cz\/wp-content\/uploads\/2017\/08\/18...a-je\u0161t\u011b-u-toho-kous\u00e1n\u00ed-um\u00edm-b\u00fdt-roztomil\u00e1...-16.8.2017-800x533.jpg\" title=\"...a je\u0161t\u011b u toho kous\u00e1n\u00ed um\u00edm b\u00fdt roztomil\u00e1..., 16.8.2017\" alt=\"...a je\u0161t\u011b u toho kous\u00e1n\u00ed um\u00edm b\u00fdt roztomil\u00e1..., 16.8.2017\" \/><\/a><p class=\"motopress-image-caption\">...a je\u0161t\u011b u toho kous\u00e1n\u00ed um\u00edm b\u00fdt roztomil\u00e1..., 16.8.2017<\/p><\/div><div class=\"mp-span4\"><a href=\"http:\/\/stindubravy.cz\/wp-content\/uploads\/2017\/08\/19...vid\u00edm...-16.8.2017.jpg\" data-action=\"motopressGalleryLightbox\" target=\"_self\" title=\"...vid\u00edm..., 16.8.2017\"><img src=\"http:\/\/stindubravy.cz\/wp-content\/uploads\/2017\/08\/19...vid\u00edm...-16.8.2017-800x533.jpg\" title=\"...vid\u00edm..., 16.8.2017\" alt=\"...vid\u00edm..., 16.8.2017\" \/><\/a><p class=\"motopress-image-caption\">...vid\u00edm..., 16.8.2017<\/p><\/div><\/div><div class=\"mp-row-fluid\"><div class=\"mp-span4\"><a href=\"http:\/\/stindubravy.cz\/wp-content\/uploads\/2017\/08\/20...a-jdu...-16.8.2017.jpg\" data-action=\"motopressGalleryLightbox\" target=\"_self\" title=\"...a jdu..., 16.8.2017\"><img src=\"http:\/\/stindubravy.cz\/wp-content\/uploads\/2017\/08\/20...a-jdu...-16.8.2017-800x533.jpg\" title=\"...a jdu..., 16.8.2017\" alt=\"...a jdu..., 16.8.2017\" \/><\/a><p class=\"motopress-image-caption\">...a jdu..., 16.8.2017<\/p><\/div><div class=\"mp-span4\"><a href=\"http:\/\/stindubravy.cz\/wp-content\/uploads\/2017\/08\/21...u\u017e-jsem-tady...-16.8.2017.jpg\" data-action=\"motopressGalleryLightbox\" target=\"_self\" title=\"...u\u017e jsem tady..., 16.8.2017\"><img src=\"http:\/\/stindubravy.cz\/wp-content\/uploads\/2017\/08\/21...u\u017e-jsem-tady...-16.8.2017-800x533.jpg\" title=\"...u\u017e jsem tady..., 16.8.2017\" alt=\"...u\u017e jsem tady..., 16.8.2017\" \/><\/a><p class=\"motopress-image-caption\">...u\u017e jsem tady..., 16.8.2017<\/p><\/div><div class=\"mp-span4\"><a href=\"http:\/\/stindubravy.cz\/wp-content\/uploads\/2017\/08\/22...a-u\u017e-to-zase-m\u00e1m...-16.8.2017.jpg\" data-action=\"motopressGalleryLightbox\" target=\"_self\" title=\"...a u\u017e to zase m\u00e1m..., 16.8.2017\"><img src=\"http:\/\/stindubravy.cz\/wp-content\/uploads\/2017\/08\/22...a-u\u017e-to-zase-m\u00e1m...-16.8.2017-800x533.jpg\" title=\"...a u\u017e to zase m\u00e1m..., 16.8.2017\" alt=\"...a u\u017e to zase m\u00e1m..., 16.8.2017\" \/><\/a><p class=\"motopress-image-caption\">...a u\u017e to zase m\u00e1m..., 16.8.2017<\/p><\/div><\/div><div class=\"mp-row-fluid\"><div class=\"mp-span4\"><a href=\"http:\/\/stindubravy.cz\/wp-content\/uploads\/2017\/08\/23...i-p\u00e1ne\u010dek-to-chv\u00e1l\u00ed...-16.8.2017.jpg\" data-action=\"motopressGalleryLightbox\" target=\"_self\" title=\"...i p\u00e1ne\u010dek to chv\u00e1l\u00ed..., 16.8.2017\"><img src=\"http:\/\/stindubravy.cz\/wp-content\/uploads\/2017\/08\/23...i-p\u00e1ne\u010dek-to-chv\u00e1l\u00ed...-16.8.2017-800x533.jpg\" title=\"...i p\u00e1ne\u010dek to chv\u00e1l\u00ed..., 16.8.2017\" alt=\"...i p\u00e1ne\u010dek to chv\u00e1l\u00ed..., 16.8.2017\" \/><\/a><p class=\"motopress-image-caption\">...i p\u00e1ne\u010dek to chv\u00e1l\u00ed..., 16.8.2017<\/p><\/div><div class=\"mp-span4\"><a href=\"http:\/\/stindubravy.cz\/wp-content\/uploads\/2017\/08\/24...tak-to-asi-vyhraju...-16.8.2017.jpg\" data-action=\"motopressGalleryLightbox\" target=\"_self\" title=\"...tak to asi vyhraju..., 16.8.2017\"><img src=\"http:\/\/stindubravy.cz\/wp-content\/uploads\/2017\/08\/24...tak-to-asi-vyhraju...-16.8.2017-800x533.jpg\" title=\"...tak to asi vyhraju..., 16.8.2017\" alt=\"...tak to asi vyhraju..., 16.8.2017\" \/><\/a><p class=\"motopress-image-caption\">...tak to asi vyhraju..., 16.8.2017<\/p><\/div><div class=\"mp-span4\"><a href=\"http:\/\/stindubravy.cz\/wp-content\/uploads\/2017\/08\/25...tak-vid\u00ed\u0161-sem-ti-to-\u0159\u00edkala-he-he-16.8.2017.jpg\" data-action=\"motopressGalleryLightbox\" target=\"_self\" title=\"...tak vid\u00ed\u0161, sem ti to \u0159\u00edkala, he, he, 16.8.2017\"><img src=\"http:\/\/stindubravy.cz\/wp-content\/uploads\/2017\/08\/25...tak-vid\u00ed\u0161-sem-ti-to-\u0159\u00edkala-he-he-16.8.2017-800x533.jpg\" title=\"...tak vid\u00ed\u0161, sem ti to \u0159\u00edkala, he, he, 16.8.2017\" alt=\"...tak vid\u00ed\u0161, sem ti to \u0159\u00edkala, he, he, 16.8.2017\" \/><\/a><p class=\"motopress-image-caption\">...tak vid\u00ed\u0161, sem ti to \u0159\u00edkala, he, he, 16.8.2017<\/p><\/div><\/div><\/div>\n<\/div>\n<\/div>\n","protected":false},"excerpt":{"rendered":"Te\u010f je\u0161t\u011b vypad\u00e1m jako beru\u0161ka, ale&#8230; 16.8.2017&#8230;v toto se zm\u011bn\u00edm b\u011bhem sekundy&#8230;, 16.8.2017&#8230;t\u00e1\u00e1m je hra\u010dka&#8230;, 16.8.2017&#8230;a m\u00e1m ji&#8230;, 16.8.2017&#8230;moje hadra&#8230;, 16.8.2017&#8230;\u0159\u00edk\u00e1m to snad dost jasn\u011b &#8211; moje&#8230;, 16.8.2017&#8230;m\u00e1\u0161 posledn\u00ed \u0161anci pustit&#8230;, 16.8.2017&#8230;tak teda druh\u00e9 kolo&#8230;, 16.8.2017&#8230;\u010dek\u00e1m co vymysl\u00ed\u0161&#8230;, 16.8.2017&#8230;a jdeme na to&#8230;, 16.8.2017&#8230;setina sekundy p\u0159ed m\u00fdm n\u00e1dhern\u00fdm z\u00e1kusem&#8230;, 16.8.2017&#8230;a je to tady&#8230;, 16.8.2017&#8230;sed\u00ed\u0161 pevn\u011b?&#8230;, 16.8.2017&#8230;ti<span class=\"read-more-wrap\"><a class=\"moretag\" href=\"http:\/\/stindubravy.cz\/?page_id=1547\">\u010c\u00edst d\u00e1le <span class=\"screen-reader-text\">Jak si Kapinka hraje na obran\u00e1ch<\/span><\/a><\/span>","protected":false},"author":2,"featured_media":0,"parent":78,"menu_order":29,"comment_status":"closed","ping_status":"closed","template":"template-fullwidth.php","meta":[],"_links":{"self":[{"href":"http:\/\/stindubravy.cz\/index.php?rest_route=\/wp\/v2\/pages\/1547"}],"collection":[{"href":"http:\/\/stindubravy.cz\/index.php?rest_route=\/wp\/v2\/pages"}],"about":[{"href":"http:\/\/stindubravy.cz\/index.php?rest_route=\/wp\/v2\/types\/page"}],"author":[{"embeddable":true,"href":"http:\/\/stindubravy.cz\/index.php?rest_route=\/wp\/v2\/users\/2"}],"replies":[{"embeddable":true,"href":"http:\/\/stindubravy.cz\/index.php?rest_route=%2Fwp%2Fv2%2Fcomments&post=1547"}],"version-history":[{"count":4,"href":"http:\/\/stindubravy.cz\/index.php?rest_route=\/wp\/v2\/pages\/1547\/revisions"}],"predecessor-version":[{"id":1579,"href":"http:\/\/stindubravy.cz\/index.php?rest_route=\/wp\/v2\/pages\/1547\/revisions\/1579"}],"up":[{"embeddable":true,"href":"http:\/\/stindubravy.cz\/index.php?rest_route=\/wp\/v2\/pages\/78"}],"wp:attachment":[{"href":"http:\/\/stindubravy.cz\/index.php?rest_route=%2Fwp%2Fv2%2Fmedia&parent=1547"}],"curies":[{"name":"wp","href":"https:\/\/api.w.org\/{rel}","templated":true}]}}