{"id":2066,"date":"2020-09-04T13:36:44","date_gmt":"2020-09-04T12:36:44","guid":{"rendered":"http:\/\/stindubravy.cz\/?page_id=2066"},"modified":"2020-10-04T13:07:42","modified_gmt":"2020-10-04T12:07:42","slug":"vlcatkove-vrhy","status":"publish","type":"page","link":"http:\/\/stindubravy.cz\/?page_id=2066","title":{"rendered":"Vl\u010d\u00e1tkov\u00e9 vrhy"},"content":{"rendered":"<div class=\"mp-row-fluid motopress-row mpce-dsbl-margin-left mpce-dsbl-margin-right\">\n<div class=\"motopress-clmn mp-span6  mpce-dsbl-margin-left mpce-dsbl-margin-right\">\n<div class=\"motopress-image-obj motopress-text-align-left\"><a href=\"http:\/\/stindubravy.cz\/?page_id=2072\" target=\"_self\"><img src=\"http:\/\/stindubravy.cz\/wp-content\/uploads\/2020\/09\/IMG_1275-800x326.jpg\" title=\"Vrh A\" alt=\"Vrh A\" class=\"motopress-image-obj-basic mpce-prvt-2066-5f52357a03056 mpce-dsbl-margin-left mpce-dsbl-margin-right mpce-dsbl-margin-top mpce-dsbl-margin-bottom\" \/><\/a><p class=\"motopress-image-caption\">Vrh A<\/p><\/div>\n<\/div>\n<div class=\"motopress-clmn mp-span6  mpce-dsbl-margin-left mpce-dsbl-margin-right  motopress-empty mp-hidden-phone\">\n<\/div>\n<\/div>\n","protected":false},"excerpt":{"rendered":"Vrh A","protected":false},"author":2,"featured_media":2067,"parent":33,"menu_order":2,"comment_status":"closed","ping_status":"closed","template":"template-fullwidth.php","meta":[],"_links":{"self":[{"href":"http:\/\/stindubravy.cz\/index.php?rest_route=\/wp\/v2\/pages\/2066"}],"collection":[{"href":"http:\/\/stindubravy.cz\/index.php?rest_route=\/wp\/v2\/pages"}],"about":[{"href":"http:\/\/stindubravy.cz\/index.php?rest_route=\/wp\/v2\/types\/page"}],"author":[{"embeddable":true,"href":"http:\/\/stindubravy.cz\/index.php?rest_route=\/wp\/v2\/users\/2"}],"replies":[{"embeddable":true,"href":"http:\/\/stindubravy.cz\/index.php?rest_route=%2Fwp%2Fv2%2Fcomments&post=2066"}],"version-history":[{"count":4,"href":"http:\/\/stindubravy.cz\/index.php?rest_route=\/wp\/v2\/pages\/2066\/revisions"}],"predecessor-version":[{"id":2606,"href":"http:\/\/stindubravy.cz\/index.php?rest_route=\/wp\/v2\/pages\/2066\/revisions\/2606"}],"up":[{"embeddable":true,"href":"http:\/\/stindubravy.cz\/index.php?rest_route=\/wp\/v2\/pages\/33"}],"wp:featuredmedia":[{"embeddable":true,"href":"http:\/\/stindubravy.cz\/index.php?rest_route=\/wp\/v2\/media\/2067"}],"wp:attachment":[{"href":"http:\/\/stindubravy.cz\/index.php?rest_route=%2Fwp%2Fv2%2Fmedia&parent=2066"}],"curies":[{"name":"wp","href":"https:\/\/api.w.org\/{rel}","templated":true}]}}