{"id":2321,"date":"2020-09-17T18:39:34","date_gmt":"2020-09-17T17:39:34","guid":{"rendered":"http:\/\/stindubravy.cz\/?page_id=2321"},"modified":"2020-09-17T18:39:34","modified_gmt":"2020-09-17T17:39:34","slug":"kapincina-radost-na-cvicaku","status":"publish","type":"page","link":"http:\/\/stindubravy.cz\/?page_id=2321","title":{"rendered":"Kapin\u010dina radost na cvi\u010d\u00e1ku"},"content":{"rendered":"<div class=\"mp-row-fluid motopress-row mpce-dsbl-margin-left mpce-dsbl-margin-right\">\n<div class=\"motopress-clmn mp-span12  mpce-dsbl-margin-left mpce-dsbl-margin-right\">\n<div class=\"mp-row-fluid motopress-row mpce-dsbl-margin-left mpce-dsbl-margin-right\">\n<div class=\"motopress-clmn mp-span12 mpce-dsbl-margin-left mpce-dsbl-margin-right\">\n<div class=\"motopress-grid-gallery-obj motopress-grid-gallery-obj-basic motopress-grid-gallery-need-recalc\"><div class=\"mp-row-fluid\"><div class=\"mp-span4\"><a href=\"http:\/\/stindubravy.cz\/wp-content\/uploads\/2020\/09\/1.-Kapincina-chuze-6.3.2019.jpg\" data-action=\"motopressGalleryLightbox\" target=\"_self\" title=\"Kapin\u010dina ch\u016fze, 6.3.2019\"><img src=\"http:\/\/stindubravy.cz\/wp-content\/uploads\/2020\/09\/1.-Kapincina-chuze-6.3.2019-800x533.jpg\" title=\"Kapin\u010dina ch\u016fze, 6.3.2019\" alt=\"Kapin\u010dina ch\u016fze, 6.3.2019\" \/><\/a><p class=\"motopress-image-caption\">Kapin\u010dina ch\u016fze, 6.3.2019<\/p><\/div><div class=\"mp-span4\"><a href=\"http:\/\/stindubravy.cz\/wp-content\/uploads\/2020\/09\/2.-80-centimetru-jako-nic...-6.3.2019.jpg\" data-action=\"motopressGalleryLightbox\" target=\"_self\" title=\"80 centimetr\u016f jako nic..., 6.3.2019\"><img src=\"http:\/\/stindubravy.cz\/wp-content\/uploads\/2020\/09\/2.-80-centimetru-jako-nic...-6.3.2019-800x533.jpg\" title=\"80 centimetr\u016f jako nic..., 6.3.2019\" alt=\"80 centimetr\u016f jako nic..., 6.3.2019\" \/><\/a><p class=\"motopress-image-caption\">80 centimetr\u016f jako nic..., 6.3.2019<\/p><\/div><div class=\"mp-span4\"><a href=\"http:\/\/stindubravy.cz\/wp-content\/uploads\/2020\/09\/3.-...a-s-reservou-6.3.2019.jpg\" data-action=\"motopressGalleryLightbox\" target=\"_self\" title=\"...a s reservou, 6.3.2019\"><img src=\"http:\/\/stindubravy.cz\/wp-content\/uploads\/2020\/09\/3.-...a-s-reservou-6.3.2019-800x533.jpg\" title=\"...a s reservou, 6.3.2019\" alt=\"...a s reservou, 6.3.2019\" \/><\/a><p class=\"motopress-image-caption\">...a s reservou, 6.3.2019<\/p><\/div><\/div><div class=\"mp-row-fluid\"><div class=\"mp-span4\"><a href=\"http:\/\/stindubravy.cz\/wp-content\/uploads\/2020\/09\/4.-Acko-take-s-prehledem-6.3.2019.jpg\" data-action=\"motopressGalleryLightbox\" target=\"_self\" title=\"\u00c1\u010dko tak\u00e9 s p\u0159ehledem, 6.3.2019\"><img src=\"http:\/\/stindubravy.cz\/wp-content\/uploads\/2020\/09\/4.-Acko-take-s-prehledem-6.3.2019-800x533.jpg\" title=\"\u00c1\u010dko tak\u00e9 s p\u0159ehledem, 6.3.2019\" alt=\"\u00c1\u010dko tak\u00e9 s p\u0159ehledem, 6.3.2019\" \/><\/a><p class=\"motopress-image-caption\">\u00c1\u010dko tak\u00e9 s p\u0159ehledem, 6.3.2019<\/p><\/div><div class=\"mp-span4\"><a href=\"http:\/\/stindubravy.cz\/wp-content\/uploads\/2020\/09\/5.-Radostny-projev-pri-privolani-6.3.2019.jpg\" data-action=\"motopressGalleryLightbox\" target=\"_self\" title=\"Radostn\u00fd projev p\u0159i p\u0159ivol\u00e1n\u00ed, 6.3.2019\"><img src=\"http:\/\/stindubravy.cz\/wp-content\/uploads\/2020\/09\/5.-Radostny-projev-pri-privolani-6.3.2019-800x533.jpg\" title=\"Radostn\u00fd projev p\u0159i p\u0159ivol\u00e1n\u00ed, 6.3.2019\" alt=\"Radostn\u00fd projev p\u0159i p\u0159ivol\u00e1n\u00ed, 6.3.2019\" \/><\/a><p class=\"motopress-image-caption\">Radostn\u00fd projev p\u0159i p\u0159ivol\u00e1n\u00ed, 6.3.2019<\/p><\/div><div class=\"mp-span4\"><a href=\"http:\/\/stindubravy.cz\/wp-content\/uploads\/2020\/09\/6.-A-zaslouzena-odmena-6.3.2019.jpg\" data-action=\"motopressGalleryLightbox\" target=\"_self\" title=\"A zaslou\u017een\u00e1 odm\u011bna, 6.3.2019\"><img src=\"http:\/\/stindubravy.cz\/wp-content\/uploads\/2020\/09\/6.-A-zaslouzena-odmena-6.3.2019-800x533.jpg\" title=\"A zaslou\u017een\u00e1 odm\u011bna, 6.3.2019\" alt=\"A zaslou\u017een\u00e1 odm\u011bna, 6.3.2019\" \/><\/a><p class=\"motopress-image-caption\">A zaslou\u017een\u00e1 odm\u011bna, 6.3.2019<\/p><\/div><\/div><\/div>\n<\/div>\n<\/div>\n<div class=\"mp-row-fluid motopress-row mpce-dsbl-margin-left mpce-dsbl-margin-right\">\n<div class=\"motopress-clmn mp-span12 mpce-dsbl-margin-left mpce-dsbl-margin-right\">\n<div class=\"motopress-grid-gallery-obj mpce-prvt-2321-5f639ef4d179f motopress-grid-gallery-obj-basic\"><div class=\"mp-row-fluid\"><div class=\"mp-span6\"><a href=\"http:\/\/stindubravy.cz\/wp-content\/uploads\/2020\/09\/7.-Na-odmenu-se...-6.3.2019.jpg\" data-action=\"motopressGalleryLightbox\" target=\"_self\" title=\"Na odm\u011bnu se..., 6.3.2019\"><img src=\"http:\/\/stindubravy.cz\/wp-content\/uploads\/2020\/09\/7.-Na-odmenu-se...-6.3.2019-800x533.jpg\" title=\"Na odm\u011bnu se..., 6.3.2019\" alt=\"Na odm\u011bnu se..., 6.3.2019\" \/><\/a><p class=\"motopress-image-caption\">Na odm\u011bnu se..., 6.3.2019<\/p><\/div><div class=\"mp-span6\"><a href=\"http:\/\/stindubravy.cz\/wp-content\/uploads\/2020\/09\/8.-...vzdycky-tesime-nejvic-6.3.2019.jpg\" data-action=\"motopressGalleryLightbox\" target=\"_self\" title=\"...v\u017edycky t\u011b\u0161\u00edme nejv\u00edc, 6.3.2019\"><img src=\"http:\/\/stindubravy.cz\/wp-content\/uploads\/2020\/09\/8.-...vzdycky-tesime-nejvic-6.3.2019-800x533.jpg\" title=\"...v\u017edycky t\u011b\u0161\u00edme nejv\u00edc, 6.3.2019\" alt=\"...v\u017edycky t\u011b\u0161\u00edme nejv\u00edc, 6.3.2019\" \/><\/a><p class=\"motopress-image-caption\">...v\u017edycky t\u011b\u0161\u00edme nejv\u00edc, 6.3.2019<\/p><\/div><\/div><\/div>\n<\/div>\n<\/div>\n<\/div>\n<\/div>\n","protected":false},"excerpt":{"rendered":"Kapin\u010dina ch\u016fze, 6.3.201980 centimetr\u016f jako nic&#8230;, 6.3.2019&#8230;a s reservou, 6.3.2019\u00c1\u010dko tak\u00e9 s p\u0159ehledem, 6.3.2019Radostn\u00fd projev p\u0159i p\u0159ivol\u00e1n\u00ed, 6.3.2019A zaslou\u017een\u00e1 odm\u011bna, 6.3.2019 Na odm\u011bnu se&#8230;, 6.3.2019&#8230;v\u017edycky t\u011b\u0161\u00edme nejv\u00edc, 6.3.2019","protected":false},"author":2,"featured_media":0,"parent":78,"menu_order":46,"comment_status":"closed","ping_status":"closed","template":"template-fullwidth.php","meta":[],"_links":{"self":[{"href":"http:\/\/stindubravy.cz\/index.php?rest_route=\/wp\/v2\/pages\/2321"}],"collection":[{"href":"http:\/\/stindubravy.cz\/index.php?rest_route=\/wp\/v2\/pages"}],"about":[{"href":"http:\/\/stindubravy.cz\/index.php?rest_route=\/wp\/v2\/types\/page"}],"author":[{"embeddable":true,"href":"http:\/\/stindubravy.cz\/index.php?rest_route=\/wp\/v2\/users\/2"}],"replies":[{"embeddable":true,"href":"http:\/\/stindubravy.cz\/index.php?rest_route=%2Fwp%2Fv2%2Fcomments&post=2321"}],"version-history":[{"count":2,"href":"http:\/\/stindubravy.cz\/index.php?rest_route=\/wp\/v2\/pages\/2321\/revisions"}],"predecessor-version":[{"id":2331,"href":"http:\/\/stindubravy.cz\/index.php?rest_route=\/wp\/v2\/pages\/2321\/revisions\/2331"}],"up":[{"embeddable":true,"href":"http:\/\/stindubravy.cz\/index.php?rest_route=\/wp\/v2\/pages\/78"}],"wp:attachment":[{"href":"http:\/\/stindubravy.cz\/index.php?rest_route=%2Fwp%2Fv2%2Fmedia&parent=2321"}],"curies":[{"name":"wp","href":"https:\/\/api.w.org\/{rel}","templated":true}]}}