{"id":2363,"date":"2020-09-17T19:30:39","date_gmt":"2020-09-17T18:30:39","guid":{"rendered":"http:\/\/stindubravy.cz\/?page_id=2363"},"modified":"2020-09-17T19:30:39","modified_gmt":"2020-09-17T18:30:39","slug":"vlcatka-poprve-na-zahrade","status":"publish","type":"page","link":"http:\/\/stindubravy.cz\/?page_id=2363","title":{"rendered":"Vl\u010d\u00e1tka poprv\u00e9 na zahrad\u011b"},"content":{"rendered":"<div class=\"mp-row-fluid motopress-row mpce-dsbl-margin-left mpce-dsbl-margin-right\">\n<div class=\"motopress-clmn mp-span12  mpce-dsbl-margin-left mpce-dsbl-margin-right\">\n<div class=\"mp-row-fluid motopress-row mpce-dsbl-margin-left mpce-dsbl-margin-right\">\n<div class=\"motopress-clmn mp-span12 mpce-dsbl-margin-left mpce-dsbl-margin-right\">\n<div class=\"motopress-grid-gallery-obj motopress-grid-gallery-obj-basic motopress-grid-gallery-need-recalc\"><div class=\"mp-row-fluid\"><div class=\"mp-span4\"><a href=\"http:\/\/stindubravy.cz\/wp-content\/uploads\/2020\/09\/1.-Vlcatka-zprvu-nesmela...-31.3.2019.jpg\" data-action=\"motopressGalleryLightbox\" target=\"_self\" title=\"Vl\u010d\u00e1tka zprvu nesm\u011bl\u00e1..., 31.3.2019\"><img src=\"http:\/\/stindubravy.cz\/wp-content\/uploads\/2020\/09\/1.-Vlcatka-zprvu-nesmela...-31.3.2019-800x600.jpg\" title=\"Vl\u010d\u00e1tka zprvu nesm\u011bl\u00e1..., 31.3.2019\" alt=\"Vl\u010d\u00e1tka zprvu nesm\u011bl\u00e1..., 31.3.2019\" \/><\/a><p class=\"motopress-image-caption\">Vl\u010d\u00e1tka zprvu nesm\u011bl\u00e1..., 31.3.2019<\/p><\/div><div class=\"mp-span4\"><a href=\"http:\/\/stindubravy.cz\/wp-content\/uploads\/2020\/09\/2.-...pomalu-se-osmelujici...-31.3.2019.jpg\" data-action=\"motopressGalleryLightbox\" target=\"_self\" title=\"...pomalu se osm\u011bluj\u00edc\u00ed..., 31.3.2019\"><img src=\"http:\/\/stindubravy.cz\/wp-content\/uploads\/2020\/09\/2.-...pomalu-se-osmelujici...-31.3.2019-800x600.jpg\" title=\"...pomalu se osm\u011bluj\u00edc\u00ed..., 31.3.2019\" alt=\"...pomalu se osm\u011bluj\u00edc\u00ed..., 31.3.2019\" \/><\/a><p class=\"motopress-image-caption\">...pomalu se osm\u011bluj\u00edc\u00ed..., 31.3.2019<\/p><\/div><div class=\"mp-span4\"><a href=\"http:\/\/stindubravy.cz\/wp-content\/uploads\/2020\/09\/3.-...a-uz-osmelena...-31.3.2019.jpg\" data-action=\"motopressGalleryLightbox\" target=\"_self\" title=\"...a u\u017e osm\u011blen\u00e1..., 31.3.2019\"><img src=\"http:\/\/stindubravy.cz\/wp-content\/uploads\/2020\/09\/3.-...a-uz-osmelena...-31.3.2019-800x600.jpg\" title=\"...a u\u017e osm\u011blen\u00e1..., 31.3.2019\" alt=\"...a u\u017e osm\u011blen\u00e1..., 31.3.2019\" \/><\/a><p class=\"motopress-image-caption\">...a u\u017e osm\u011blen\u00e1..., 31.3.2019<\/p><\/div><\/div><div class=\"mp-row-fluid\"><div class=\"mp-span4\"><a href=\"http:\/\/stindubravy.cz\/wp-content\/uploads\/2020\/09\/4.-...pripravena-k-plneni-pruzkumnych-ukolu...-31.3.2019.jpg\" data-action=\"motopressGalleryLightbox\" target=\"_self\" title=\"...p\u0159ipraven\u00e1 k pln\u011bn\u00ed pr\u016fzkumn\u00fdch \u00fakol\u016f..., 31.3.2019\"><img src=\"http:\/\/stindubravy.cz\/wp-content\/uploads\/2020\/09\/4.-...pripravena-k-plneni-pruzkumnych-ukolu...-31.3.2019-800x600.jpg\" title=\"...p\u0159ipraven\u00e1 k pln\u011bn\u00ed pr\u016fzkumn\u00fdch \u00fakol\u016f..., 31.3.2019\" alt=\"...p\u0159ipraven\u00e1 k pln\u011bn\u00ed pr\u016fzkumn\u00fdch \u00fakol\u016f..., 31.3.2019\" \/><\/a><p class=\"motopress-image-caption\">...p\u0159ipraven\u00e1 k pln\u011bn\u00ed pr\u016fzkumn\u00fdch \u00fakol\u016f..., 31.3.2019<\/p><\/div><div class=\"mp-span4\"><a href=\"http:\/\/stindubravy.cz\/wp-content\/uploads\/2020\/09\/5.-...i-ke-spolecnemu-utoku-na-kyticky...-31.3.2019.jpg\" data-action=\"motopressGalleryLightbox\" target=\"_self\" title=\"...i ke spole\u010dn\u00e9mu \u00fatoku na kyti\u010dky..., 31.3.2019\"><img src=\"http:\/\/stindubravy.cz\/wp-content\/uploads\/2020\/09\/5.-...i-ke-spolecnemu-utoku-na-kyticky...-31.3.2019-800x600.jpg\" title=\"...i ke spole\u010dn\u00e9mu \u00fatoku na kyti\u010dky..., 31.3.2019\" alt=\"...i ke spole\u010dn\u00e9mu \u00fatoku na kyti\u010dky..., 31.3.2019\" \/><\/a><p class=\"motopress-image-caption\">...i ke spole\u010dn\u00e9mu \u00fatoku na kyti\u010dky..., 31.3.2019<\/p><\/div><div class=\"mp-span4\"><a href=\"http:\/\/stindubravy.cz\/wp-content\/uploads\/2020\/09\/6.-...tak-kyticky-ne...-31.3.2019.jpg\" data-action=\"motopressGalleryLightbox\" target=\"_self\" title=\"...tak kyti\u010dky ne..., 31.3.2019\"><img src=\"http:\/\/stindubravy.cz\/wp-content\/uploads\/2020\/09\/6.-...tak-kyticky-ne...-31.3.2019-800x600.jpg\" title=\"...tak kyti\u010dky ne..., 31.3.2019\" alt=\"...tak kyti\u010dky ne..., 31.3.2019\" \/><\/a><p class=\"motopress-image-caption\">...tak kyti\u010dky ne..., 31.3.2019<\/p><\/div><\/div><\/div>\n<\/div>\n<\/div>\n<div class=\"mp-row-fluid motopress-row mpce-dsbl-margin-left mpce-dsbl-margin-right\">\n<div class=\"motopress-clmn mp-span12 mpce-dsbl-margin-left mpce-dsbl-margin-right\">\n<div class=\"motopress-grid-gallery-obj mpce-prvt-2363-5f63aaea9aa9d motopress-grid-gallery-obj-basic\"><div class=\"mp-row-fluid\"><div class=\"mp-span6\"><a href=\"http:\/\/stindubravy.cz\/wp-content\/uploads\/2020\/09\/7.-...radeji-se-rozbehneme-jen-at-si-nas-chytaji...-31.3.2019.jpg\" data-action=\"motopressGalleryLightbox\" target=\"_self\" title=\"...rad\u011bji se rozb\u011bhneme, jen a\u0165 si n\u00e1s chytaj\u00ed..., 31.3.2019\"><img src=\"http:\/\/stindubravy.cz\/wp-content\/uploads\/2020\/09\/7.-...radeji-se-rozbehneme-jen-at-si-nas-chytaji...-31.3.2019-800x600.jpg\" title=\"...rad\u011bji se rozb\u011bhneme, jen a\u0165 si n\u00e1s chytaj\u00ed..., 31.3.2019\" alt=\"...rad\u011bji se rozb\u011bhneme, jen a\u0165 si n\u00e1s chytaj\u00ed..., 31.3.2019\" \/><\/a><p class=\"motopress-image-caption\">...rad\u011bji se rozb\u011bhneme, jen a\u0165 si n\u00e1s chytaj\u00ed..., 31.3.2019<\/p><\/div><div class=\"mp-span6\"><a href=\"http:\/\/stindubravy.cz\/wp-content\/uploads\/2020\/09\/8.-...sametacci-31.3.2019.jpg\" data-action=\"motopressGalleryLightbox\" target=\"_self\" title=\"...same\u0165\u00e1\u010dci, 31.3.2019\"><img src=\"http:\/\/stindubravy.cz\/wp-content\/uploads\/2020\/09\/8.-...sametacci-31.3.2019-800x600.jpg\" title=\"...same\u0165\u00e1\u010dci, 31.3.2019\" alt=\"...same\u0165\u00e1\u010dci, 31.3.2019\" \/><\/a><p class=\"motopress-image-caption\">...same\u0165\u00e1\u010dci, 31.3.2019<\/p><\/div><\/div><\/div>\n<\/div>\n<\/div>\n<\/div>\n<\/div>\n","protected":false},"excerpt":{"rendered":"Vl\u010d\u00e1tka zprvu nesm\u011bl\u00e1&#8230;, 31.3.2019&#8230;pomalu se osm\u011bluj\u00edc\u00ed&#8230;, 31.3.2019&#8230;a u\u017e osm\u011blen\u00e1&#8230;, 31.3.2019&#8230;p\u0159ipraven\u00e1 k pln\u011bn\u00ed pr\u016fzkumn\u00fdch \u00fakol\u016f&#8230;, 31.3.2019&#8230;i ke spole\u010dn\u00e9mu \u00fatoku na kyti\u010dky&#8230;, 31.3.2019&#8230;tak kyti\u010dky ne&#8230;, 31.3.2019 &#8230;rad\u011bji se rozb\u011bhneme, jen a\u0165 si n\u00e1s chytaj\u00ed&#8230;, 31.3.2019&#8230;same\u0165\u00e1\u010dci, 31.3.2019","protected":false},"author":2,"featured_media":0,"parent":78,"menu_order":54,"comment_status":"closed","ping_status":"closed","template":"template-fullwidth.php","meta":[],"_links":{"self":[{"href":"http:\/\/stindubravy.cz\/index.php?rest_route=\/wp\/v2\/pages\/2363"}],"collection":[{"href":"http:\/\/stindubravy.cz\/index.php?rest_route=\/wp\/v2\/pages"}],"about":[{"href":"http:\/\/stindubravy.cz\/index.php?rest_route=\/wp\/v2\/types\/page"}],"author":[{"embeddable":true,"href":"http:\/\/stindubravy.cz\/index.php?rest_route=\/wp\/v2\/users\/2"}],"replies":[{"embeddable":true,"href":"http:\/\/stindubravy.cz\/index.php?rest_route=%2Fwp%2Fv2%2Fcomments&post=2363"}],"version-history":[{"count":3,"href":"http:\/\/stindubravy.cz\/index.php?rest_route=\/wp\/v2\/pages\/2363\/revisions"}],"predecessor-version":[{"id":2374,"href":"http:\/\/stindubravy.cz\/index.php?rest_route=\/wp\/v2\/pages\/2363\/revisions\/2374"}],"up":[{"embeddable":true,"href":"http:\/\/stindubravy.cz\/index.php?rest_route=\/wp\/v2\/pages\/78"}],"wp:attachment":[{"href":"http:\/\/stindubravy.cz\/index.php?rest_route=%2Fwp%2Fv2%2Fmedia&parent=2363"}],"curies":[{"name":"wp","href":"https:\/\/api.w.org\/{rel}","templated":true}]}}