{"id":2395,"date":"2020-10-02T07:47:26","date_gmt":"2020-10-02T06:47:26","guid":{"rendered":"http:\/\/stindubravy.cz\/?page_id=2395"},"modified":"2020-10-02T08:02:30","modified_gmt":"2020-10-02T07:02:30","slug":"u-hodneho-pana-doktora-mlejnskeho","status":"publish","type":"page","link":"http:\/\/stindubravy.cz\/?page_id=2395","title":{"rendered":"U hodn\u00e9ho pana doktora Mlejnsk\u00e9ho"},"content":{"rendered":"<div class=\"mp-row-fluid motopress-row mpce-dsbl-margin-left mpce-dsbl-margin-right\">\n<div class=\"motopress-clmn mp-span12  mpce-dsbl-margin-left mpce-dsbl-margin-right\">\n<div class=\"motopress-grid-gallery-obj motopress-grid-gallery-obj-basic motopress-grid-gallery-need-recalc\"><div class=\"mp-row-fluid\"><div class=\"mp-span4\"><a href=\"http:\/\/stindubravy.cz\/wp-content\/uploads\/2020\/10\/1.-U-hodneho-pana-doktora-Mlejnskeho-13.4.2019.jpg\" data-action=\"motopressGalleryLightbox\" target=\"_self\" title=\"O\u010dkov\u00e1n\u00ed a \u010dipov\u00e1n\u00ed u hodn\u00e9ho pana doktora Mlejnsk\u00e9ho, 13.4.2019\"><img src=\"http:\/\/stindubravy.cz\/wp-content\/uploads\/2020\/10\/1.-U-hodneho-pana-doktora-Mlejnskeho-13.4.2019-800x600.jpg\" title=\"O\u010dkov\u00e1n\u00ed a \u010dipov\u00e1n\u00ed u hodn\u00e9ho pana doktora Mlejnsk\u00e9ho, 13.4.2019\" alt=\"O\u010dkov\u00e1n\u00ed a \u010dipov\u00e1n\u00ed u hodn\u00e9ho pana doktora Mlejnsk\u00e9ho, 13.4.2019\" \/><\/a><p class=\"motopress-image-caption\">O\u010dkov\u00e1n\u00ed a \u010dipov\u00e1n\u00ed u hodn\u00e9ho pana doktora Mlejnsk\u00e9ho, 13.4.2019<\/p><\/div><div class=\"mp-span4\"><a href=\"http:\/\/stindubravy.cz\/wp-content\/uploads\/2020\/10\/2.-U-hodneho-pana-doktora-Mlejnskeho-13.4.2019.jpg\" data-action=\"motopressGalleryLightbox\" target=\"_self\" title=\"O\u010dkov\u00e1n\u00ed a \u010dipov\u00e1n\u00ed u hodn\u00e9ho pana doktora Mlejnsk\u00e9ho, 13.4.2019\"><img src=\"http:\/\/stindubravy.cz\/wp-content\/uploads\/2020\/10\/2.-U-hodneho-pana-doktora-Mlejnskeho-13.4.2019-800x600.jpg\" title=\"O\u010dkov\u00e1n\u00ed a \u010dipov\u00e1n\u00ed u hodn\u00e9ho pana doktora Mlejnsk\u00e9ho, 13.4.2019\" alt=\"O\u010dkov\u00e1n\u00ed a \u010dipov\u00e1n\u00ed u hodn\u00e9ho pana doktora Mlejnsk\u00e9ho, 13.4.2019\" \/><\/a><p class=\"motopress-image-caption\">O\u010dkov\u00e1n\u00ed a \u010dipov\u00e1n\u00ed u hodn\u00e9ho pana doktora Mlejnsk\u00e9ho, 13.4.2019<\/p><\/div><div class=\"mp-span4\"><a href=\"http:\/\/stindubravy.cz\/wp-content\/uploads\/2020\/10\/3.-U-hodneho-pana-doktora-Mlejnskeho-13.4.2019.jpg\" data-action=\"motopressGalleryLightbox\" target=\"_self\" title=\"O\u010dkov\u00e1n\u00ed a \u010dipov\u00e1n\u00ed u hodn\u00e9ho pana doktora Mlejnsk\u00e9ho, 13.4.2019\"><img src=\"http:\/\/stindubravy.cz\/wp-content\/uploads\/2020\/10\/3.-U-hodneho-pana-doktora-Mlejnskeho-13.4.2019-800x600.jpg\" title=\"O\u010dkov\u00e1n\u00ed a \u010dipov\u00e1n\u00ed u hodn\u00e9ho pana doktora Mlejnsk\u00e9ho, 13.4.2019\" alt=\"O\u010dkov\u00e1n\u00ed a \u010dipov\u00e1n\u00ed u hodn\u00e9ho pana doktora Mlejnsk\u00e9ho, 13.4.2019\" \/><\/a><p class=\"motopress-image-caption\">O\u010dkov\u00e1n\u00ed a \u010dipov\u00e1n\u00ed u hodn\u00e9ho pana doktora Mlejnsk\u00e9ho, 13.4.2019<\/p><\/div><\/div><div class=\"mp-row-fluid\"><div class=\"mp-span4\"><a href=\"http:\/\/stindubravy.cz\/wp-content\/uploads\/2020\/10\/4.-U-hodneho-pana-doktora-Mlejnskeho-13.4.2019.jpg\" data-action=\"motopressGalleryLightbox\" target=\"_self\" title=\"O\u010dkov\u00e1n\u00ed a \u010dipov\u00e1n\u00ed u hodn\u00e9ho pana doktora Mlejnsk\u00e9ho, 13.4.2019\"><img src=\"http:\/\/stindubravy.cz\/wp-content\/uploads\/2020\/10\/4.-U-hodneho-pana-doktora-Mlejnskeho-13.4.2019-800x600.jpg\" title=\"O\u010dkov\u00e1n\u00ed a \u010dipov\u00e1n\u00ed u hodn\u00e9ho pana doktora Mlejnsk\u00e9ho, 13.4.2019\" alt=\"O\u010dkov\u00e1n\u00ed a \u010dipov\u00e1n\u00ed u hodn\u00e9ho pana doktora Mlejnsk\u00e9ho, 13.4.2019\" \/><\/a><p class=\"motopress-image-caption\">O\u010dkov\u00e1n\u00ed a \u010dipov\u00e1n\u00ed u hodn\u00e9ho pana doktora Mlejnsk\u00e9ho, 13.4.2019<\/p><\/div><div class=\"mp-span4\"><a href=\"http:\/\/stindubravy.cz\/wp-content\/uploads\/2020\/10\/5.-U-hodneho-pana-doktora-Mlejnskeho-13.4.2019.jpg\" data-action=\"motopressGalleryLightbox\" target=\"_self\" title=\"O\u010dkov\u00e1n\u00ed a \u010dipov\u00e1n\u00ed u hodn\u00e9ho pana doktora Mlejnsk\u00e9ho, 13.4.2019\"><img src=\"http:\/\/stindubravy.cz\/wp-content\/uploads\/2020\/10\/5.-U-hodneho-pana-doktora-Mlejnskeho-13.4.2019-800x600.jpg\" title=\"O\u010dkov\u00e1n\u00ed a \u010dipov\u00e1n\u00ed u hodn\u00e9ho pana doktora Mlejnsk\u00e9ho, 13.4.2019\" alt=\"O\u010dkov\u00e1n\u00ed a \u010dipov\u00e1n\u00ed u hodn\u00e9ho pana doktora Mlejnsk\u00e9ho, 13.4.2019\" \/><\/a><p class=\"motopress-image-caption\">O\u010dkov\u00e1n\u00ed a \u010dipov\u00e1n\u00ed u hodn\u00e9ho pana doktora Mlejnsk\u00e9ho, 13.4.2019<\/p><\/div><div class=\"mp-span4\"><a href=\"http:\/\/stindubravy.cz\/wp-content\/uploads\/2020\/10\/6.-U-hodneho-pana-doktora-Mlejnskeho-13.4.2019.jpg\" data-action=\"motopressGalleryLightbox\" target=\"_self\" title=\"O\u010dkov\u00e1n\u00ed a \u010dipov\u00e1n\u00ed u hodn\u00e9ho pana doktora Mlejnsk\u00e9ho, 13.4.2019\"><img src=\"http:\/\/stindubravy.cz\/wp-content\/uploads\/2020\/10\/6.-U-hodneho-pana-doktora-Mlejnskeho-13.4.2019-800x600.jpg\" title=\"O\u010dkov\u00e1n\u00ed a \u010dipov\u00e1n\u00ed u hodn\u00e9ho pana doktora Mlejnsk\u00e9ho, 13.4.2019\" alt=\"O\u010dkov\u00e1n\u00ed a \u010dipov\u00e1n\u00ed u hodn\u00e9ho pana doktora Mlejnsk\u00e9ho, 13.4.2019\" \/><\/a><p class=\"motopress-image-caption\">O\u010dkov\u00e1n\u00ed a \u010dipov\u00e1n\u00ed u hodn\u00e9ho pana doktora Mlejnsk\u00e9ho, 13.4.2019<\/p><\/div><\/div><div class=\"mp-row-fluid\"><div class=\"mp-span4\"><a href=\"http:\/\/stindubravy.cz\/wp-content\/uploads\/2020\/10\/7.-U-hodneho-pana-doktora-Mlejnskeho-13.4.2019.jpg\" data-action=\"motopressGalleryLightbox\" target=\"_self\" title=\"O\u010dkov\u00e1n\u00ed a \u010dipov\u00e1n\u00ed u hodn\u00e9ho pana doktora Mlejnsk\u00e9ho, 13.4.2019\"><img src=\"http:\/\/stindubravy.cz\/wp-content\/uploads\/2020\/10\/7.-U-hodneho-pana-doktora-Mlejnskeho-13.4.2019-800x600.jpg\" title=\"O\u010dkov\u00e1n\u00ed a \u010dipov\u00e1n\u00ed u hodn\u00e9ho pana doktora Mlejnsk\u00e9ho, 13.4.2019\" alt=\"O\u010dkov\u00e1n\u00ed a \u010dipov\u00e1n\u00ed u hodn\u00e9ho pana doktora Mlejnsk\u00e9ho, 13.4.2019\" \/><\/a><p class=\"motopress-image-caption\">O\u010dkov\u00e1n\u00ed a \u010dipov\u00e1n\u00ed u hodn\u00e9ho pana doktora Mlejnsk\u00e9ho, 13.4.2019<\/p><\/div><div class=\"mp-span4\"><a href=\"http:\/\/stindubravy.cz\/wp-content\/uploads\/2020\/10\/8.-U-hodneho-pana-doktora-Mlejnskeho-13.4.2019.jpg\" data-action=\"motopressGalleryLightbox\" target=\"_self\" title=\"O\u010dkov\u00e1n\u00ed a \u010dipov\u00e1n\u00ed u hodn\u00e9ho pana doktora Mlejnsk\u00e9ho, 13.4.2019\"><img src=\"http:\/\/stindubravy.cz\/wp-content\/uploads\/2020\/10\/8.-U-hodneho-pana-doktora-Mlejnskeho-13.4.2019-800x600.jpg\" title=\"O\u010dkov\u00e1n\u00ed a \u010dipov\u00e1n\u00ed u hodn\u00e9ho pana doktora Mlejnsk\u00e9ho, 13.4.2019\" alt=\"O\u010dkov\u00e1n\u00ed a \u010dipov\u00e1n\u00ed u hodn\u00e9ho pana doktora Mlejnsk\u00e9ho, 13.4.2019\" \/><\/a><p class=\"motopress-image-caption\">O\u010dkov\u00e1n\u00ed a \u010dipov\u00e1n\u00ed u hodn\u00e9ho pana doktora Mlejnsk\u00e9ho, 13.4.2019<\/p><\/div><div class=\"mp-span4\"><a href=\"http:\/\/stindubravy.cz\/wp-content\/uploads\/2020\/10\/9.-U-hodneho-pana-doktora-Mlejnskeho-13.4.2019.jpg\" data-action=\"motopressGalleryLightbox\" target=\"_self\" title=\"O\u010dkov\u00e1n\u00ed a \u010dipov\u00e1n\u00ed u hodn\u00e9ho pana doktora Mlejnsk\u00e9ho, 13.4.2019\"><img src=\"http:\/\/stindubravy.cz\/wp-content\/uploads\/2020\/10\/9.-U-hodneho-pana-doktora-Mlejnskeho-13.4.2019-800x600.jpg\" title=\"O\u010dkov\u00e1n\u00ed a \u010dipov\u00e1n\u00ed u hodn\u00e9ho pana doktora Mlejnsk\u00e9ho, 13.4.2019\" alt=\"O\u010dkov\u00e1n\u00ed a \u010dipov\u00e1n\u00ed u hodn\u00e9ho pana doktora Mlejnsk\u00e9ho, 13.4.2019\" \/><\/a><p class=\"motopress-image-caption\">O\u010dkov\u00e1n\u00ed a \u010dipov\u00e1n\u00ed u hodn\u00e9ho pana doktora Mlejnsk\u00e9ho, 13.4.2019<\/p><\/div><\/div><div class=\"mp-row-fluid\"><div class=\"mp-span4\"><a href=\"http:\/\/stindubravy.cz\/wp-content\/uploads\/2020\/10\/10.-U-hodneho-pana-doktora-Mlejnskeho-13.4.2019-1.jpg\" data-action=\"motopressGalleryLightbox\" target=\"_self\" title=\"O\u010dkov\u00e1n\u00ed a \u010dipov\u00e1n\u00ed u hodn\u00e9ho pana doktora Mlejnsk\u00e9ho, 13.4.2019\"><img src=\"http:\/\/stindubravy.cz\/wp-content\/uploads\/2020\/10\/10.-U-hodneho-pana-doktora-Mlejnskeho-13.4.2019-1-800x600.jpg\" title=\"O\u010dkov\u00e1n\u00ed a \u010dipov\u00e1n\u00ed u hodn\u00e9ho pana doktora Mlejnsk\u00e9ho, 13.4.2019\" alt=\"O\u010dkov\u00e1n\u00ed a \u010dipov\u00e1n\u00ed u hodn\u00e9ho pana doktora Mlejnsk\u00e9ho, 13.4.2019\" \/><\/a><p class=\"motopress-image-caption\">O\u010dkov\u00e1n\u00ed a \u010dipov\u00e1n\u00ed u hodn\u00e9ho pana doktora Mlejnsk\u00e9ho, 13.4.2019<\/p><\/div><div class=\"mp-span4\"><a href=\"http:\/\/stindubravy.cz\/wp-content\/uploads\/2020\/10\/11.-U-hodneho-pana-doktora-Mlejnskeho-13.4.2019.jpg\" data-action=\"motopressGalleryLightbox\" target=\"_self\" title=\"O\u010dkov\u00e1n\u00ed a \u010dipov\u00e1n\u00ed u hodn\u00e9ho pana doktora Mlejnsk\u00e9ho, 13.4.2019\"><img src=\"http:\/\/stindubravy.cz\/wp-content\/uploads\/2020\/10\/11.-U-hodneho-pana-doktora-Mlejnskeho-13.4.2019-800x600.jpg\" title=\"O\u010dkov\u00e1n\u00ed a \u010dipov\u00e1n\u00ed u hodn\u00e9ho pana doktora Mlejnsk\u00e9ho, 13.4.2019\" alt=\"O\u010dkov\u00e1n\u00ed a \u010dipov\u00e1n\u00ed u hodn\u00e9ho pana doktora Mlejnsk\u00e9ho, 13.4.2019\" \/><\/a><p class=\"motopress-image-caption\">O\u010dkov\u00e1n\u00ed a \u010dipov\u00e1n\u00ed u hodn\u00e9ho pana doktora Mlejnsk\u00e9ho, 13.4.2019<\/p><\/div><div class=\"mp-span4\"><a href=\"http:\/\/stindubravy.cz\/wp-content\/uploads\/2020\/10\/13.-U-hodneho-pana-doktora-Mlejnskeho-13.4.2019.jpg\" data-action=\"motopressGalleryLightbox\" target=\"_self\" title=\"O\u010dkov\u00e1n\u00ed a \u010dipov\u00e1n\u00ed u hodn\u00e9ho pana doktora Mlejnsk\u00e9ho, 13.4.2019\"><img src=\"http:\/\/stindubravy.cz\/wp-content\/uploads\/2020\/10\/13.-U-hodneho-pana-doktora-Mlejnskeho-13.4.2019-800x600.jpg\" title=\"O\u010dkov\u00e1n\u00ed a \u010dipov\u00e1n\u00ed u hodn\u00e9ho pana doktora Mlejnsk\u00e9ho, 13.4.2019\" alt=\"O\u010dkov\u00e1n\u00ed a \u010dipov\u00e1n\u00ed u hodn\u00e9ho pana doktora Mlejnsk\u00e9ho, 13.4.2019\" \/><\/a><p class=\"motopress-image-caption\">O\u010dkov\u00e1n\u00ed a \u010dipov\u00e1n\u00ed u hodn\u00e9ho pana doktora Mlejnsk\u00e9ho, 13.4.2019<\/p><\/div><\/div><\/div>\n<\/div>\n<\/div>\n","protected":false},"excerpt":{"rendered":"O\u010dkov\u00e1n\u00ed a \u010dipov\u00e1n\u00ed u hodn\u00e9ho pana doktora Mlejnsk\u00e9ho, 13.4.2019O\u010dkov\u00e1n\u00ed a \u010dipov\u00e1n\u00ed u hodn\u00e9ho pana doktora Mlejnsk\u00e9ho, 13.4.2019O\u010dkov\u00e1n\u00ed a \u010dipov\u00e1n\u00ed u hodn\u00e9ho pana doktora Mlejnsk\u00e9ho, 13.4.2019O\u010dkov\u00e1n\u00ed a \u010dipov\u00e1n\u00ed u hodn\u00e9ho pana doktora Mlejnsk\u00e9ho, 13.4.2019O\u010dkov\u00e1n\u00ed a \u010dipov\u00e1n\u00ed u hodn\u00e9ho pana doktora Mlejnsk\u00e9ho, 13.4.2019O\u010dkov\u00e1n\u00ed a \u010dipov\u00e1n\u00ed u hodn\u00e9ho pana doktora Mlejnsk\u00e9ho, 13.4.2019O\u010dkov\u00e1n\u00ed a \u010dipov\u00e1n\u00ed u hodn\u00e9ho pana doktora<span class=\"read-more-wrap\"><a class=\"moretag\" href=\"http:\/\/stindubravy.cz\/?page_id=2395\">\u010c\u00edst d\u00e1le <span class=\"screen-reader-text\">U hodn\u00e9ho pana doktora Mlejnsk\u00e9ho<\/span><\/a><\/span>","protected":false},"author":2,"featured_media":0,"parent":78,"menu_order":58,"comment_status":"closed","ping_status":"closed","template":"template-fullwidth.php","meta":[],"_links":{"self":[{"href":"http:\/\/stindubravy.cz\/index.php?rest_route=\/wp\/v2\/pages\/2395"}],"collection":[{"href":"http:\/\/stindubravy.cz\/index.php?rest_route=\/wp\/v2\/pages"}],"about":[{"href":"http:\/\/stindubravy.cz\/index.php?rest_route=\/wp\/v2\/types\/page"}],"author":[{"embeddable":true,"href":"http:\/\/stindubravy.cz\/index.php?rest_route=\/wp\/v2\/users\/2"}],"replies":[{"embeddable":true,"href":"http:\/\/stindubravy.cz\/index.php?rest_route=%2Fwp%2Fv2%2Fcomments&post=2395"}],"version-history":[{"count":2,"href":"http:\/\/stindubravy.cz\/index.php?rest_route=\/wp\/v2\/pages\/2395\/revisions"}],"predecessor-version":[{"id":2422,"href":"http:\/\/stindubravy.cz\/index.php?rest_route=\/wp\/v2\/pages\/2395\/revisions\/2422"}],"up":[{"embeddable":true,"href":"http:\/\/stindubravy.cz\/index.php?rest_route=\/wp\/v2\/pages\/78"}],"wp:attachment":[{"href":"http:\/\/stindubravy.cz\/index.php?rest_route=%2Fwp%2Fv2%2Fmedia&parent=2395"}],"curies":[{"name":"wp","href":"https:\/\/api.w.org\/{rel}","templated":true}]}}