{"id":2502,"date":"2020-10-02T10:46:47","date_gmt":"2020-10-02T09:46:47","guid":{"rendered":"http:\/\/stindubravy.cz\/?page_id=2502"},"modified":"2020-10-02T10:46:47","modified_gmt":"2020-10-02T09:46:47","slug":"koupani-s-aronkem-a-kesinkou","status":"publish","type":"page","link":"http:\/\/stindubravy.cz\/?page_id=2502","title":{"rendered":"Koup\u00e1n\u00ed s \u00c1ronkem a Kesinkou"},"content":{"rendered":"<div class=\"mp-row-fluid motopress-row mpce-dsbl-margin-left mpce-dsbl-margin-right\">\n<div class=\"motopress-clmn mp-span12  mpce-dsbl-margin-left mpce-dsbl-margin-right\">\n<div class=\"mp-row-fluid motopress-row mpce-dsbl-margin-left mpce-dsbl-margin-right\">\n<div class=\"motopress-clmn mp-span12 mpce-dsbl-margin-left mpce-dsbl-margin-right\">\n<div class=\"motopress-grid-gallery-obj motopress-grid-gallery-obj-basic motopress-grid-gallery-need-recalc\"><div class=\"mp-row-fluid\"><div class=\"mp-span4\"><a href=\"http:\/\/stindubravy.cz\/wp-content\/uploads\/2020\/10\/1.-Vodni-hratky-30.8.2020.jpg\" data-action=\"motopressGalleryLightbox\" target=\"_self\" title=\"Vodn\u00ed hr\u00e1tky, 30.8.2020\"><img src=\"http:\/\/stindubravy.cz\/wp-content\/uploads\/2020\/10\/1.-Vodni-hratky-30.8.2020-800x600.jpg\" title=\"Vodn\u00ed hr\u00e1tky, 30.8.2020\" alt=\"Vodn\u00ed hr\u00e1tky, 30.8.2020\" \/><\/a><p class=\"motopress-image-caption\">Vodn\u00ed hr\u00e1tky, 30.8.2020<\/p><\/div><div class=\"mp-span4\"><a href=\"http:\/\/stindubravy.cz\/wp-content\/uploads\/2020\/10\/2.-Zdatny-plavec-30.8.2020.jpg\" data-action=\"motopressGalleryLightbox\" target=\"_self\" title=\"Zdatn\u00fd plavec, 30.8.2020\"><img src=\"http:\/\/stindubravy.cz\/wp-content\/uploads\/2020\/10\/2.-Zdatny-plavec-30.8.2020-800x600.jpg\" title=\"Zdatn\u00fd plavec, 30.8.2020\" alt=\"Zdatn\u00fd plavec, 30.8.2020\" \/><\/a><p class=\"motopress-image-caption\">Zdatn\u00fd plavec, 30.8.2020<\/p><\/div><div class=\"mp-span4\"><a href=\"http:\/\/stindubravy.cz\/wp-content\/uploads\/2020\/10\/3.-Plavani-s-radosti-30.8.2020-scaled.jpg\" data-action=\"motopressGalleryLightbox\" target=\"_self\" title=\"Plav\u00e1n\u00ed s radost\u00ed, 30.8.2020\"><img src=\"http:\/\/stindubravy.cz\/wp-content\/uploads\/2020\/10\/3.-Plavani-s-radosti-30.8.2020-800x600.jpg\" title=\"Plav\u00e1n\u00ed s radost\u00ed, 30.8.2020\" alt=\"Plav\u00e1n\u00ed s radost\u00ed, 30.8.2020\" \/><\/a><p class=\"motopress-image-caption\">Plav\u00e1n\u00ed s radost\u00ed, 30.8.2020<\/p><\/div><\/div><div class=\"mp-row-fluid\"><div class=\"mp-span4\"><a href=\"http:\/\/stindubravy.cz\/wp-content\/uploads\/2020\/10\/4.-Vydra-a-mroz...-30.8.2020.jpg\" data-action=\"motopressGalleryLightbox\" target=\"_self\" title=\"Vydra a mro\u017e..., 30.8.2020\"><img src=\"http:\/\/stindubravy.cz\/wp-content\/uploads\/2020\/10\/4.-Vydra-a-mroz...-30.8.2020-800x600.jpg\" title=\"Vydra a mro\u017e..., 30.8.2020\" alt=\"Vydra a mro\u017e..., 30.8.2020\" \/><\/a><p class=\"motopress-image-caption\">Vydra a mro\u017e..., 30.8.2020<\/p><\/div><div class=\"mp-span4\"><a href=\"http:\/\/stindubravy.cz\/wp-content\/uploads\/2020\/10\/5.-...a-ejhle-neni-to-vydra-30.8.2020.jpg\" data-action=\"motopressGalleryLightbox\" target=\"_self\" title=\"...a ejhle nen\u00ed to vydra, 30.8.2020\"><img src=\"http:\/\/stindubravy.cz\/wp-content\/uploads\/2020\/10\/5.-...a-ejhle-neni-to-vydra-30.8.2020-800x600.jpg\" title=\"...a ejhle nen\u00ed to vydra, 30.8.2020\" alt=\"...a ejhle nen\u00ed to vydra, 30.8.2020\" \/><\/a><p class=\"motopress-image-caption\">...a ejhle nen\u00ed to vydra, 30.8.2020<\/p><\/div><div class=\"mp-span4\"><a href=\"http:\/\/stindubravy.cz\/wp-content\/uploads\/2020\/10\/6.-Kesinka-taky-hodne-rada-plave...-30.8.2020.jpg\" data-action=\"motopressGalleryLightbox\" target=\"_self\" title=\"Kesinka taky hodn\u011b r\u00e1da plave..., 30.8.2020\"><img src=\"http:\/\/stindubravy.cz\/wp-content\/uploads\/2020\/10\/6.-Kesinka-taky-hodne-rada-plave...-30.8.2020-800x600.jpg\" title=\"Kesinka taky hodn\u011b r\u00e1da plave..., 30.8.2020\" alt=\"Kesinka taky hodn\u011b r\u00e1da plave..., 30.8.2020\" \/><\/a><p class=\"motopress-image-caption\">Kesinka taky hodn\u011b r\u00e1da plave..., 30.8.2020<\/p><\/div><\/div><\/div>\n<\/div>\n<\/div>\n<div class=\"mp-row-fluid motopress-row mpce-dsbl-margin-left mpce-dsbl-margin-right\">\n<div class=\"motopress-clmn mp-span12 mpce-dsbl-margin-left mpce-dsbl-margin-right\">\n<div class=\"motopress-grid-gallery-obj mpce-prvt-2502-5f76f6a6af15d motopress-grid-gallery-obj-basic\"><div class=\"mp-row-fluid\"><div class=\"mp-span6\"><a href=\"http:\/\/stindubravy.cz\/wp-content\/uploads\/2020\/10\/7.-...a-neboji-se-i-daleko...-30.8.2020.jpg\" data-action=\"motopressGalleryLightbox\" target=\"_self\" title=\"...a neboj\u00ed se i daleko..., 30.8.2020\"><img src=\"http:\/\/stindubravy.cz\/wp-content\/uploads\/2020\/10\/7.-...a-neboji-se-i-daleko...-30.8.2020-800x600.jpg\" title=\"...a neboj\u00ed se i daleko..., 30.8.2020\" alt=\"...a neboj\u00ed se i daleko..., 30.8.2020\" \/><\/a><p class=\"motopress-image-caption\">...a neboj\u00ed se i daleko..., 30.8.2020<\/p><\/div><div class=\"mp-span6\"><a href=\"http:\/\/stindubravy.cz\/wp-content\/uploads\/2020\/10\/8.-...jen-kdyby-ty-nozicky-na-to-zavalite-telicko-nebyly-tak-kratke-30.8.2020.jpg\" data-action=\"motopressGalleryLightbox\" target=\"_self\" title=\"...jen kdyby ty no\u017ei\u010dky na to zavalit\u00e9 t\u011bl\u00ed\u010dko nebyly tak kr\u00e1tk\u00e9, 30.8.2020\"><img src=\"http:\/\/stindubravy.cz\/wp-content\/uploads\/2020\/10\/8.-...jen-kdyby-ty-nozicky-na-to-zavalite-telicko-nebyly-tak-kratke-30.8.2020-800x600.jpg\" title=\"...jen kdyby ty no\u017ei\u010dky na to zavalit\u00e9 t\u011bl\u00ed\u010dko nebyly tak kr\u00e1tk\u00e9, 30.8.2020\" alt=\"...jen kdyby ty no\u017ei\u010dky na to zavalit\u00e9 t\u011bl\u00ed\u010dko nebyly tak kr\u00e1tk\u00e9, 30.8.2020\" \/><\/a><p class=\"motopress-image-caption\">...jen kdyby ty no\u017ei\u010dky na to zavalit\u00e9 t\u011bl\u00ed\u010dko nebyly tak kr\u00e1tk\u00e9, 30.8.2020<\/p><\/div><\/div><\/div>\n<\/div>\n<\/div>\n<\/div>\n<\/div>\n","protected":false},"excerpt":{"rendered":"Vodn\u00ed hr\u00e1tky, 30.8.2020Zdatn\u00fd plavec, 30.8.2020Plav\u00e1n\u00ed s radost\u00ed, 30.8.2020Vydra a mro\u017e&#8230;, 30.8.2020&#8230;a ejhle nen\u00ed to vydra, 30.8.2020Kesinka taky hodn\u011b r\u00e1da plave&#8230;, 30.8.2020 &#8230;a neboj\u00ed se i daleko&#8230;, 30.8.2020&#8230;jen kdyby ty no\u017ei\u010dky na to zavalit\u00e9 t\u011bl\u00ed\u010dko nebyly tak kr\u00e1tk\u00e9, 30.8.2020","protected":false},"author":2,"featured_media":0,"parent":78,"menu_order":66,"comment_status":"closed","ping_status":"closed","template":"template-fullwidth.php","meta":[],"_links":{"self":[{"href":"http:\/\/stindubravy.cz\/index.php?rest_route=\/wp\/v2\/pages\/2502"}],"collection":[{"href":"http:\/\/stindubravy.cz\/index.php?rest_route=\/wp\/v2\/pages"}],"about":[{"href":"http:\/\/stindubravy.cz\/index.php?rest_route=\/wp\/v2\/types\/page"}],"author":[{"embeddable":true,"href":"http:\/\/stindubravy.cz\/index.php?rest_route=\/wp\/v2\/users\/2"}],"replies":[{"embeddable":true,"href":"http:\/\/stindubravy.cz\/index.php?rest_route=%2Fwp%2Fv2%2Fcomments&post=2502"}],"version-history":[{"count":3,"href":"http:\/\/stindubravy.cz\/index.php?rest_route=\/wp\/v2\/pages\/2502\/revisions"}],"predecessor-version":[{"id":2513,"href":"http:\/\/stindubravy.cz\/index.php?rest_route=\/wp\/v2\/pages\/2502\/revisions\/2513"}],"up":[{"embeddable":true,"href":"http:\/\/stindubravy.cz\/index.php?rest_route=\/wp\/v2\/pages\/78"}],"wp:attachment":[{"href":"http:\/\/stindubravy.cz\/index.php?rest_route=%2Fwp%2Fv2%2Fmedia&parent=2502"}],"curies":[{"name":"wp","href":"https:\/\/api.w.org\/{rel}","templated":true}]}}