{"id":2616,"date":"2020-10-04T13:29:15","date_gmt":"2020-10-04T12:29:15","guid":{"rendered":"http:\/\/stindubravy.cz\/?page_id=2616"},"modified":"2020-10-04T14:02:13","modified_gmt":"2020-10-04T13:02:13","slug":"neco-o-nas","status":"publish","type":"page","link":"http:\/\/stindubravy.cz\/?page_id=2616","title":{"rendered":"N\u011bco o n\u00e1s"},"content":{"rendered":"<div class=\"mp-row-fluid motopress-row mpce-dsbl-margin-left mpce-dsbl-margin-right\">\n<div class=\"motopress-clmn mp-span4  mpce-dsbl-margin-left mpce-dsbl-margin-right\">\n<div class=\"motopress-image-obj motopress-text-align-left\"><a href=\"http:\/\/stindubravy.cz\/?page_id=26\" target=\"_self\"><img src=\"http:\/\/stindubravy.cz\/wp-content\/uploads\/2020\/10\/Kdo-jsme-1-800x600.jpg\" title=\"Kdo vlastn\u011b jsme\" alt=\"Kdo vlastn\u011b jsme\" class=\"motopress-image-obj-basic mpce-prvt-2616-5f79c6a2d05d1 mpce-dsbl-margin-left mpce-dsbl-margin-right mpce-dsbl-margin-top mpce-dsbl-margin-bottom\" \/><\/a><p class=\"motopress-image-caption\">Kdo vlastn\u011b jsme<\/p><\/div>\n<\/div>\n<div class=\"motopress-clmn mp-span4  mpce-dsbl-margin-left mpce-dsbl-margin-right\">\n<div class=\"motopress-image-obj motopress-text-align-left\"><a href=\"http:\/\/stindubravy.cz\/?page_id=17\" target=\"_self\"><img src=\"http:\/\/stindubravy.cz\/wp-content\/uploads\/2020\/10\/Eticky-kodex-800x600.jpg\" title=\"N\u00e1\u0161 etick\u00fd kodex\" alt=\"N\u00e1\u0161 etick\u00fd kodex\" class=\"motopress-image-obj-basic mpce-prvt-2616-5f79c76bd066c mpce-dsbl-margin-left mpce-dsbl-margin-right mpce-dsbl-margin-top mpce-dsbl-margin-bottom\" \/><\/a><p class=\"motopress-image-caption\">N\u00e1\u0161 etick\u00fd kodex<\/p><\/div>\n<\/div>\n<div class=\"motopress-clmn mp-span4  mpce-dsbl-margin-left mpce-dsbl-margin-right\">\n<div class=\"motopress-image-obj motopress-text-align-left\"><a href=\"http:\/\/stindubravy.cz\/?page_id=78\" target=\"_self\"><img src=\"http:\/\/stindubravy.cz\/wp-content\/uploads\/2020\/10\/Galerie-800x600.jpg\" title=\"Galerie\" alt=\"Galerie\" class=\"motopress-image-obj-basic mpce-prvt-2616-5f79c7a5d06bc mpce-dsbl-margin-left mpce-dsbl-margin-right mpce-dsbl-margin-top mpce-dsbl-margin-bottom\" \/><\/a><p class=\"motopress-image-caption\">Galerie<\/p><\/div>\n<\/div>\n<\/div>\n","protected":false},"excerpt":{"rendered":"Kdo vlastn\u011b jsme N\u00e1\u0161 etick\u00fd kodex Galerie","protected":false},"author":2,"featured_media":0,"parent":6,"menu_order":1,"comment_status":"closed","ping_status":"closed","template":"template-fullwidth.php","meta":[],"_links":{"self":[{"href":"http:\/\/stindubravy.cz\/index.php?rest_route=\/wp\/v2\/pages\/2616"}],"collection":[{"href":"http:\/\/stindubravy.cz\/index.php?rest_route=\/wp\/v2\/pages"}],"about":[{"href":"http:\/\/stindubravy.cz\/index.php?rest_route=\/wp\/v2\/types\/page"}],"author":[{"embeddable":true,"href":"http:\/\/stindubravy.cz\/index.php?rest_route=\/wp\/v2\/users\/2"}],"replies":[{"embeddable":true,"href":"http:\/\/stindubravy.cz\/index.php?rest_route=%2Fwp%2Fv2%2Fcomments&post=2616"}],"version-history":[{"count":4,"href":"http:\/\/stindubravy.cz\/index.php?rest_route=\/wp\/v2\/pages\/2616\/revisions"}],"predecessor-version":[{"id":2628,"href":"http:\/\/stindubravy.cz\/index.php?rest_route=\/wp\/v2\/pages\/2616\/revisions\/2628"}],"up":[{"embeddable":true,"href":"http:\/\/stindubravy.cz\/index.php?rest_route=\/wp\/v2\/pages\/6"}],"wp:attachment":[{"href":"http:\/\/stindubravy.cz\/index.php?rest_route=%2Fwp%2Fv2%2Fmedia&parent=2616"}],"curies":[{"name":"wp","href":"https:\/\/api.w.org\/{rel}","templated":true}]}}