{"id":484,"date":"2017-02-27T18:18:40","date_gmt":"2017-02-27T17:18:40","guid":{"rendered":"http:\/\/stindubravy.cz\/?page_id=484"},"modified":"2022-03-03T15:37:13","modified_gmt":"2022-03-03T14:37:13","slug":"kontakty","status":"publish","type":"page","link":"http:\/\/stindubravy.cz\/?page_id=484","title":{"rendered":"Kontakty"},"content":{"rendered":"<div class=\"mp-row-fluid motopress-row mpce-dsbl-margin-left mpce-dsbl-margin-right\">\n<div class=\"motopress-clmn mp-span6  mpce-dsbl-margin-left mpce-dsbl-margin-right\">\n<div class=\"motopress-text-obj\">\n<p><strong>E-mail:<br \/><\/strong><a style=\"font-size: 16px; background-color: #ffffff;\" href=\"mailto:mail:chs@stindubravy.cz\">chs*stindubravy.cz<br \/><\/a><em>(m&iacute;sto hv\u011bzdi\u010dky pou\u017eijte, pros&iacute;m, @. &nbsp;Hv\u011bzdi\u010dka&nbsp;je pou\u017eita&nbsp;jen jako ochrana p\u0159ed SPAM-y)<\/em><\/p>\n<p><strong>Adresa:<br \/><\/strong>Okru\u017en&iacute; 237<br \/>696 42 Vracov<\/p>\n<p><strong>Telefon:<\/strong><br \/>\u010ceskoslovensk&yacute; vl\u010d&aacute;k &ndash; Ing. Jan Holek, 773 078 517<br \/>jen ve ve\u010dern&iacute;ch hodin&aacute;ch (a\u017e se vr&aacute;t&iacute;m s pejsky z lesa)<\/p>\n<p>Staford&scaron;&iacute;rsk&yacute; bulteri&eacute;r &ndash; Ilona Holkov&aacute;, 773 985 240<\/p>\n<p><strong>Facebook:<br \/><\/strong><a class=\"\" href=\"https:\/\/www.facebook.com\/profile.php?id=100015968678954\" target=\"_blank\" rel=\"noopener\">FB Jan Holek<\/a><\/p>\n<\/div>\n<\/div>\n<div class=\"motopress-clmn mp-span6  mpce-dsbl-margin-left mpce-dsbl-margin-right\">\n<div class=\"motopress-embed-obj mpce-prvt-484-59bf51bdc2bd5 fill-space\"><iframe src=\"https:\/\/api.mapy.cz\/frame?params=%7B%22x%22%3A17.218183204754666%2C%22y%22%3A48.97419277582255%2C%22base%22%3A%221%22%2C%22layers%22%3A%5B%5D%2C%22zoom%22%3A16%2C%22url%22%3A%22https%3A%2F%2Fmapy.cz%2Fs%2F1r2oH%22%2C%22mark%22%3A%7B%22x%22%3A%2217.218183204754663%22%2C%22y%22%3A%2248.97419277582255%22%2C%22title%22%3A%22Okru%C5%BEn%C3%AD%20237%2C%20Vracov%22%7D%2C%22overview%22%3Atrue%7D&amp;width=400&amp;height=280&amp;lang=cs\" width=\"400\" height=\"280\" style=\"border:none\" frameBorder=\"0\"><\/iframe><\/div>\n<\/div>\n<\/div>\n<div class=\"mp-row-fluid motopress-row mpce-prvt-484-58b7b18313e6c mpce-dsbl-margin-left mpce-dsbl-margin-right\">\n<div class=\"motopress-clmn mp-span12  mpce-dsbl-margin-left mpce-dsbl-margin-right\">\n<div class=\"motopress-embed-obj mpce-prvt-484-58b7b0d313e29\">        <script type=\"text\/javascript\">\n         function cp_contactformtoemail_pform_doValidate_1(form)\n         {\n            document.cp_contactformtoemail_pform_1.cp_ref_page.value = document.location;\n            $dexQuery = jQuery.noConflict();            if (document.cp_contactformtoemail_pform_1.hdcaptcha_cp_contactformtoemail_post.value == '') { setTimeout( \"cp_contactformtoemail_cerror_1()\", 100); return false; }\n            var result = $dexQuery.ajax({ type: \"GET\", url: \"\/?ps=_1&cp_contactformtoemail_pform_process=2&cp_contactformtoemail_id=2&inAdmin=1&ps=_1&hdcaptcha_cp_contactformtoemail_post=\"+document.cp_contactformtoemail_pform_1.hdcaptcha_cp_contactformtoemail_post.value, async: false }).responseText;\n            if (result.indexOf(\"captchafailed\") != -1) {\n                $dexQuery(\"#captchaimg_1\").attr('src', $dexQuery(\"#captchaimg_1\").attr('src')+'&'+Math.floor((Math.random() * 99999) + 1));\n                setTimeout( \"cp_contactformtoemail_cerror_1()\", 100);\n                return false;\n            } else             {\n                var cpefb_error = 0;\n                $dexQuery(\"#cp_contactformtoemail_pform_1\").find(\".cpefb_error\").each(function(index){\n                    if ($dexQuery(this).css(\"display\")!=\"none\")\n                        cpefb_error++;\n                    });\n                if (cpefb_error) return false;\n                if (document.cp_contactformtoemail_pform_1.cp_contactformtoemail_pform_status.value != '0')\n                           return false;\n                document.getElementById(\"refpage_1\").value = document.location;\n                cfte_blink(\".pbSubmit\");\n                document.cp_contactformtoemail_pform_1.cp_contactformtoemail_pform_status.value = '2';document.cp_contactformtoemail_pform_1.cp_contactformtoemail_pform_status.value = '1';\n                       $dexQuery.ajax({\n                         type: \"POST\",\n                         url: '',\n                         data: $dexQuery(\"#cp_contactformtoemail_pform_1\").serialize(),\n                         success: function(data)\n                         {\n                             document.cp_contactformtoemail_pform_1.cp_contactformtoemail_pform_status.value = '0';\n                                                              document.getElementById('cp_contactformtoemail_pform_1').innerHTML ='<a id=\"cftejump\"><\/a>Your message has been successfully sent.';\n                                 var tag = $dexQuery(\"#cftejump\");\n                                 $dexQuery('html,body').animate({scrollTop: tag.offset().top-60},'fast');\n                                                        }\n                       });\n                       return false;\n                                }\n         }\n         function cfte_blink(selector){\n                 try {\n                     $dexQuery = jQuery.noConflict();\n                     $dexQuery(selector).fadeOut(700, function(){\n                         $dexQuery(this).fadeIn(700, function(){\n                             try {\n                                 if (document.cp_contactformtoemail_pform_1.cp_contactformtoemail_pform_status.value != '0')\n                                     cfte_blink(this);\n                             } catch (e) {}\n                         });\n                     });\n                 } catch (e) {}\n         }\n         function cp_contactformtoemail_cerror_1(){$dexQuery = jQuery.noConflict();$dexQuery(\"#hdcaptcha_error_1\").css('top',$dexQuery(\"#hdcaptcha_cp_contactformtoemail_post_1\").outerHeight());$dexQuery(\"#hdcaptcha_error_1\").css(\"display\",\"inline\");}\n        <\/script>\n        <div id=\"cftedialog\" style=\"display:none;\">Thank you.<\/div>\n        <form class=\"cpp_form\" name=\"cp_contactformtoemail_pform_1\" id=\"cp_contactformtoemail_pform_1\" action=\"\" method=\"post\" enctype=\"multipart\/form-data\" onsubmit=\"return cp_contactformtoemail_pform_doValidate_1(this);\"><input type=\"hidden\" name=\"cp_pform_psequence\" value=\"_1\" \/><input type=\"hidden\" name=\"cp_contactformtoemail_pform_process\" value=\"1\" \/><input type=\"hidden\" name=\"cp_contactformtoemail_id\" value=\"2\" \/><input type=\"hidden\" name=\"cp_ref_page\" value=\"\" \/><input type=\"hidden\" name=\"form_structure_1\" id=\"form_structure_1\" size=\"180\" value=\"[[{&quot;name&quot;:&quot;email&quot;,&quot;index&quot;:0,&quot;title&quot;:&quot;E-mail&quot;,&quot;ftype&quot;:&quot;femail&quot;,&quot;userhelp&quot;:&quot;&quot;,&quot;csslayout&quot;:&quot;&quot;,&quot;required&quot;:true,&quot;predefined&quot;:&quot;&quot;,&quot;size&quot;:&quot;medium&quot;,&quot;shortlabel&quot;:&quot;&quot;,&quot;userhelpTooltip&quot;:&quot;&quot;,&quot;predefinedClick&quot;:false,&quot;equalTo&quot;:&quot;&quot;},{&quot;name&quot;:&quot;subject&quot;,&quot;index&quot;:1,&quot;title&quot;:&quot;P\\u0159edm\\u011bt&quot;,&quot;required&quot;:true,&quot;ftype&quot;:&quot;ftext&quot;,&quot;userhelp&quot;:&quot;&quot;,&quot;csslayout&quot;:&quot;&quot;,&quot;predefined&quot;:&quot;&quot;,&quot;size&quot;:&quot;medium&quot;,&quot;shortlabel&quot;:&quot;&quot;,&quot;userhelpTooltip&quot;:&quot;&quot;,&quot;predefinedClick&quot;:false,&quot;minlength&quot;:&quot;&quot;,&quot;maxlength&quot;:&quot;&quot;,&quot;equalTo&quot;:&quot;&quot;},{&quot;name&quot;:&quot;message&quot;,&quot;index&quot;:2,&quot;size&quot;:&quot;large&quot;,&quot;required&quot;:true,&quot;title&quot;:&quot;Zpr\\u00e1va&quot;,&quot;ftype&quot;:&quot;ftextarea&quot;,&quot;userhelp&quot;:&quot;&quot;,&quot;csslayout&quot;:&quot;&quot;,&quot;predefined&quot;:&quot;&quot;,&quot;shortlabel&quot;:&quot;&quot;,&quot;userhelpTooltip&quot;:&quot;&quot;,&quot;predefinedClick&quot;:false,&quot;minlength&quot;:&quot;&quot;,&quot;maxlength&quot;:&quot;&quot;}],[{&quot;title&quot;:&quot;&quot;,&quot;description&quot;:&quot;&lt;strong&gt;KONTAKTN\\u00cd FORMUL\\u00c1\\u0158&lt;\\\/strong&gt; - odeslat zpr\\u00e1vu n\\u00e1m m\\u016f\\u017eete i p\\u0159\\u00edmo zde&quot;,&quot;formlayout&quot;:&quot;top_aligned&quot;}]]\" \/><input type=\"hidden\" name=\"refpage_1\" id=\"refpage_1\" value=\"\"><input type=\"hidden\" name=\"cp_contactformtoemail_pform_status\" value=\"0\" \/><input name=\"anonce\" type=\"hidden\" value=\"ca9157b8c4\"\/><input name=\"cftehp\" id=\"cftehp_1\" type=\"hidden\" value=\"1\"\/>\r\n<div id=\"fbuilder\">    \r\n    <div id=\"fbuilder_1\">\r\n        <div id=\"formheader_1\"><\/div>\r\n        <div id=\"fieldlist_1\"><\/div>\r\n    <\/div>\r\n<\/div>    \r\n<div style=\"display:none\">\r\n<input name=\"cftecontrolmessage\" type=\"text\" value=\"\"\/> \r\n<div id=\"cpcaptchalayer_1\" class=\"cpcaptchalayer\">\r\n  Bezpe\u010dnostn\u00ed k\u00f3d::<br \/>\r\n  <img src=\"\/?cp_contactformtoemail_captcha=captcha&ps=_1&inAdmin=1&width=170&height=65&letter_count=5&min_size=30&max_size=35&noise=190&noiselength=4&bcolor=ffffff&border=000000&font=font-1.ttf\"  id=\"captchaimg_1\" alt=\"security code\" border=\"0\" class=\"skip-lazy\"  \/>\r\n  <br \/>Pros\u00edm, zadejte bezpe\u010dnostn\u00ed k\u00f3d:<br \/>\r\n  <div class=\"dfield\"><input type=\"text\" size=\"20\" name=\"hdcaptcha_cp_contactformtoemail_post\" id=\"hdcaptcha_cp_contactformtoemail_post_1\" value=\"\" \/>\r\n  <div class=\"cpefb_error message\" id=\"hdcaptcha_error_1\" generated=\"true\" style=\"display:none;position: absolute; left: 0px; top: 25px;\">Pros\u00edm, zadejte spr\u00e1vn\u011b ov\u011b\u0159uj\u00edc\u00ed k\u00f3d.<\/div>\r\n  <\/div><br \/>  \r\n<\/div>\r\n<\/div>\r\n<div id=\"cp_subbtn_1\" class=\"cp_subbtn\">Odeslat<\/div>\r\n<\/form>\r\n<script>\r\ntry{document.getElementById(\"cftehp_1\").value=\"25\";}catch(e){}\r\n<\/script>\r\n<\/div>\n<\/div>\n<\/div>\n","protected":false},"excerpt":{"rendered":"E-mail:chs*stindubravy.cz(m&iacute;sto hv\u011bzdi\u010dky pou\u017eijte, pros&iacute;m, @. &nbsp;Hv\u011bzdi\u010dka&nbsp;je pou\u017eita&nbsp;jen jako ochrana p\u0159ed SPAM-y) Adresa:Okru\u017en&iacute; 237696 42 Vracov Telefon:\u010ceskoslovensk&yacute; vl\u010d&aacute;k &ndash; Ing. Jan Holek, 773 078 517jen ve ve\u010dern&iacute;ch hodin&aacute;ch (a\u017e se vr&aacute;t&iacute;m s pejsky z lesa) Staford&scaron;&iacute;rsk&yacute; bulteri&eacute;r &ndash; Ilona Holkov&aacute;, 773 985 240 Facebook:FB Jan Holek Thank you. Bezpe\u010dnostn\u00ed k\u00f3d:: Pros\u00edm, zadejte bezpe\u010dnostn\u00ed k\u00f3d: Pros\u00edm, zadejte<span class=\"read-more-wrap\"><a class=\"moretag\" href=\"http:\/\/stindubravy.cz\/?page_id=484\">\u010c\u00edst d\u00e1le <span class=\"screen-reader-text\">Kontakty<\/span><\/a><\/span>","protected":false},"author":2,"featured_media":0,"parent":6,"menu_order":7,"comment_status":"closed","ping_status":"closed","template":"template-fullwidth.php","meta":[],"_links":{"self":[{"href":"http:\/\/stindubravy.cz\/index.php?rest_route=\/wp\/v2\/pages\/484"}],"collection":[{"href":"http:\/\/stindubravy.cz\/index.php?rest_route=\/wp\/v2\/pages"}],"about":[{"href":"http:\/\/stindubravy.cz\/index.php?rest_route=\/wp\/v2\/types\/page"}],"author":[{"embeddable":true,"href":"http:\/\/stindubravy.cz\/index.php?rest_route=\/wp\/v2\/users\/2"}],"replies":[{"embeddable":true,"href":"http:\/\/stindubravy.cz\/index.php?rest_route=%2Fwp%2Fv2%2Fcomments&post=484"}],"version-history":[{"count":23,"href":"http:\/\/stindubravy.cz\/index.php?rest_route=\/wp\/v2\/pages\/484\/revisions"}],"predecessor-version":[{"id":2824,"href":"http:\/\/stindubravy.cz\/index.php?rest_route=\/wp\/v2\/pages\/484\/revisions\/2824"}],"up":[{"embeddable":true,"href":"http:\/\/stindubravy.cz\/index.php?rest_route=\/wp\/v2\/pages\/6"}],"wp:attachment":[{"href":"http:\/\/stindubravy.cz\/index.php?rest_route=%2Fwp%2Fv2%2Fmedia&parent=484"}],"curies":[{"name":"wp","href":"https:\/\/api.w.org\/{rel}","templated":true}]}}