{"id":57,"date":"2017-02-14T17:38:07","date_gmt":"2017-02-14T16:38:07","guid":{"rendered":"http:\/\/stindubravy.cz\/?page_id=57"},"modified":"2020-10-04T15:58:12","modified_gmt":"2020-10-04T14:58:12","slug":"standard-sbt","status":"publish","type":"page","link":"https:\/\/stindubravy.cz\/?page_id=57","title":{"rendered":"Standard SBT"},"content":{"rendered":"<div class=\"mp-row-fluid motopress-row mpce-dsbl-margin-left mpce-dsbl-margin-right\">\n<div class=\"motopress-clmn mp-span12  mpce-dsbl-margin-left mpce-dsbl-margin-right\">\n<div class=\"motopress-text-obj arial\">\n<h2>Staford\u0161\u00edrsk\u00fd bulteri\u00e9r &#8211; standard plemene<\/h2>\n<\/div>\n<\/div>\n<\/div>\n<div class=\"mp-row-fluid motopress-row mpce-dsbl-margin-left mpce-dsbl-margin-right\">\n<div class=\"motopress-clmn mp-span12  mpce-dsbl-margin-left mpce-dsbl-margin-right\">\n<div class=\"mp-row-fluid motopress-row mpce-dsbl-margin-left mpce-dsbl-margin-right\">\n<div class=\"motopress-clmn mp-span6 mpce-dsbl-margin-left mpce-dsbl-margin-right\">\n<div class=\"motopress-text-obj arial\">\n<p class=\"MsoNormal\"><span lang=\"EN-US\" style=\"font-family: Arial; mso-ansi-language: EN-US;\">Standard FCI \u010d. 76 \/ 14.02.1995<\/span><\/p>\n<p class=\"MsoNormal\"><strong>Zem\u011b p\u016fvodu:&nbsp;<\/strong>Velk&aacute; Brit&aacute;nie<\/p>\n<p class=\"MsoNormal\"><strong>Klasifikace F.C.I.<br \/><\/strong><span style=\"font-family: Arial;\">Skupina 3, teri&eacute;\u0159i<br \/><\/span>Sekce 3, teri&eacute;\u0159i typu bull<br \/>Bez pracovn&iacute; zkou&scaron;ky.<\/p>\n<p class=\"MsoNormal\" style=\"text-align: left;\"><strong>Celkov&yacute; vzhled<\/strong><br \/><span style=\"font-family: Arial;\">Hladkosrst&yacute;, dob\u0159e vyv&aacute;\u017een&yacute; a na svou velikost velmi siln&yacute; pes. Svalnat&yacute;, aktivn&iacute; a pohybliv&yacute;.<\/span><\/p>\n<p class=\"MsoNormal\" style=\"text-align: left;\"><strong>Charakteristick&eacute; rysy<br \/><\/strong>Je zn&aacute;m&yacute; svou bezmeznou odvahou a hou\u017eevnatost&iacute;. Vysoce inteligentn&iacute; a velmi laskav&yacute; zejm&eacute;na k d\u011btem.<strong><br \/><\/strong><\/p>\n<p class=\"MsoNormal\" style=\"text-align: left;\"><strong>Chov&aacute;n&iacute;\/povaha<\/strong><br \/>State\u010dn&yacute;, neboj&aacute;cn&yacute; a naprosto spolehliv&yacute; pes.<\/p>\n<\/div>\n<\/div>\n<div class=\"motopress-clmn mp-span6 mpce-dsbl-margin-left mpce-dsbl-margin-right\">\n<div class=\"motopress-image-obj motopress-text-align-left motopress-margin-top-25\"><a href=\"https:\/\/stindubravy.cz\/wp-content\/uploads\/2017\/02\/DSCF04931.jpg\" data-action=\"motopressLightbox\" target=\"_self\"><img src=\"https:\/\/stindubravy.cz\/wp-content\/uploads\/2017\/02\/DSCF04931-800x600.jpg\" title=\"A hlavn\u011b mus\u00ed spr\u00e1vn\u011b le\u017eet!!\" alt=\"A hlavn\u011b mus\u00ed spr\u00e1vn\u011b le\u017eet!!\" class=\"motopress-image-obj-basic mpce-prvt-57-58b0750ac5216 mpce-dsbl-margin-left mpce-dsbl-margin-right mpce-dsbl-margin-top mpce-dsbl-margin-bottom\" \/><\/a><p class=\"motopress-image-caption\">A hlavn\u011b mus\u00ed spr\u00e1vn\u011b le\u017eet!!<\/p><\/div>\n<\/div>\n<\/div>\n<\/div>\n<\/div>\n<div class=\"mp-row-fluid motopress-row mpce-dsbl-margin-left mpce-dsbl-margin-right\">\n<div class=\"motopress-clmn mp-span12  mpce-dsbl-margin-left mpce-dsbl-margin-right\">\n<div class=\"motopress-text-obj\">\n<p class=\"MsoNormal\" style=\"text-align: justify;\"><strong>Hlava a lebka<\/strong><br \/><span lang=\"EN-US\" style=\"font-family: Arial; mso-ansi-language: EN-US;\">Kr&aacute;tk&aacute;, celkov\u011b hlubok&aacute; hlava s &scaron;irokou lebkou. Velmi vyvinut&eacute;&nbsp;<\/span><span lang=\"EN-US\" style=\"font-family: Arial; mso-ansi-language: EN-US;\">l&iacute;cn&iacute; svaly. Stop v&yacute;razn&yacute;, morda kr&aacute;tk&aacute;, nos \u010dern&yacute;.<\/span><\/p>\n<p class=\"MsoNormal\" style=\"text-align: justify;\"><span lang=\"EN-US\" style=\"font-family: Arial; mso-ansi-language: EN-US;\">O\u010di: P\u0159ednost maj&iacute; tmav&eacute; o\u010di, jejich zbarven&iacute; se v&scaron;ak m\u016f\u017ee vztahovat k barv\u011b srsti. Kulat&eacute; a st\u0159edn\u011b velk&eacute;. Posazen&eacute; tak, aby hled\u011bly p\u0159&iacute;mo vp\u0159ed. Okraje v&iacute;\u010dek tmav&eacute;.<br \/>U&scaron;i: R\u016f\u017eovit&eacute; nebo polovzty\u010den&eacute;, ani velk&eacute;, ani t\u011b\u017ek&eacute;. Klopen&eacute; nebo vzty\u010den&eacute; ucho je nanejv&yacute;&scaron; ne\u017e&aacute;douc&iacute;.<br \/><\/span><span lang=\"EN-US\" style=\"font-family: Arial; mso-ansi-language: EN-US;\">Pysky\/\u010delisti\/zuby: Pysky p\u0159ilehl&eacute; a \u010dist&eacute;. \u010celisti siln&eacute;. Zuby velk&eacute;, s<\/span><span style=\"font-family: Arial;\">&nbsp;<\/span><span lang=\"EN-US\" style=\"font-family: Arial; mso-ansi-language: EN-US;\">dokonal&yacute;m pravideln&yacute;m a &uacute;pln&yacute;m n\u016f\u017ekov&yacute;m skusem, to znamen&aacute;, \u017ee horn&iacute; zuby t\u011bsn\u011b p\u0159ekr&yacute;vaj&iacute; spodn&iacute; zuby a jsou kolmo vsazen&eacute; do \u010delist&iacute;.<\/span><\/p>\n<p class=\"MsoNormal\" style=\"text-align: justify;\"><span lang=\"EN-US\" style=\"font-family: Arial; mso-ansi-language: EN-US;\"><strong>Krk<\/strong><br \/>Svalnat&yacute;, pom\u011brn\u011b kr&aacute;tk&yacute;, s jasn&yacute;mi obrysy, sm\u011brem k ramen\u016fm se roz&scaron;i\u0159uj&iacute;c&iacute;.<\/span><\/p>\n<p class=\"MsoNormal\" style=\"text-align: justify;\"><strong>Hrudn&iacute; kon\u010detiny<\/strong><br \/><span style=\"font-family: Arial;\">Nohy rovn&eacute;, s dob\u0159e vyvinut&yacute;mi kostmi, postaven&eacute; pom\u011brn\u011b daleko od sebe; z nadprst&iacute;, kter&eacute; nen&iacute; ochabl&eacute;, vyb&iacute;haj&iacute; m&iacute;rn\u011b ven vyto\u010den&eacute; tlapy. Ramena jsou ulo\u017een&aacute; pat\u0159i\u010dn\u011b vzad, lokty nejsou voln&eacute;.<\/span><\/p>\n<p class=\"MsoNormal\" style=\"text-align: justify;\"><strong>T\u011blo<br \/><\/strong><span style=\"font-family: Arial;\">Bedra kr&aacute;tk&aacute;, h\u0159betn&iacute; linie rovn&aacute;. &Scaron;irok&aacute; p\u0159edn&iacute; fronta, hlubok&yacute; hrudn&iacute;k, spr&aacute;vn\u011b klenut&aacute; \u017eebra. T\u011blo je svalnat&eacute;, s jasn&yacute;mi obrysy.<\/span><\/p>\n<p class=\"MsoNormal\" style=\"text-align: justify;\"><strong>P&aacute;nevn&iacute; kon\u010detiny<br \/><\/strong><span style=\"font-family: Arial;\">Dob\u0159e osvalen&eacute;. Hlezna n&iacute;zko polo\u017een&aacute;, kolenn&iacute; klouby spr&aacute;vn\u011b za&uacute;hlen&eacute;. Nohy jsou p\u0159i pohledu zezadu soub\u011b\u017en&eacute;.<\/span><\/p>\n<p class=\"MsoNormal\" style=\"text-align: justify;\"><strong>Tlapy<br \/><\/strong><span style=\"font-family: Arial;\">Se siln&yacute;mi pol&scaron;t&aacute;\u0159ky, siln&eacute; a st\u0159edn\u011b velk&eacute;. Dr&aacute;py jsou u jednobarevn&yacute;ch jedinc\u016f \u010dern&eacute;.<\/span><\/p>\n<p class=\"MsoNormal\" style=\"text-align: justify;\"><strong>Ocas<br \/><\/strong><span style=\"font-family: Arial;\">St\u0159edn\u011b dlouh&yacute;, n&iacute;zko nasazen&yacute; ocas se ke &scaron;pi\u010dce zu\u017euje a je nesen&yacute; pom\u011brn\u011b n&iacute;zko. Nem\u011bl by b&yacute;t p\u0159&iacute;li&scaron; zato\u010den&yacute; &ndash; lze jej p\u0159ipodobnit k ramenu star&yacute;ch pump.<\/span><\/p>\n<p class=\"MsoNormal\" style=\"text-align: justify;\"><strong>Ch\u016fze\/pohyb<\/strong><br \/><span style=\"font-family: Arial;\">Voln&yacute;, vydatn&yacute; a \u010dil&yacute; pohyb s racion&aacute;ln&iacute;m vyu\u017e&iacute;v&aacute;n&iacute;m energie. Kon\u010detiny se p\u0159i pohledu zep\u0159edu i zezadu pohybuj&iacute; soub\u011b\u017en\u011b. Z p&aacute;nevn&iacute;ch kon\u010detin vych&aacute;z&iacute; zjevn&yacute; posun.<\/span><\/p>\n<p class=\"MsoNormal\" style=\"text-align: justify;\"><strong>Osrst\u011bn&iacute;<br \/><\/strong><span style=\"font-family: Arial;\">Srst: Hladk&aacute;, kr&aacute;tk&aacute; a hust&aacute;.<br \/><\/span>Barva: \u010cerven&aacute;, plav&aacute;, b&iacute;l&aacute;, \u010dern&aacute; nebo modr&aacute;, nebo kter&aacute;koli z t\u011bchto barev s b&iacute;lou. \u017d&iacute;han&aacute; v&scaron;ech odst&iacute;n\u016f nebo \u017e&iacute;han&aacute; s b&iacute;lou. \u010cern&aacute; s p&aacute;len&iacute;m nebo j&aacute;trov&aacute; barva je vysoce ne\u017e&aacute;douc&iacute;.<\/p>\n<p class=\"MsoNormal\" style=\"text-align: justify;\"><strong>Hmotnost<br \/><\/strong>psi 12,71 &ndash; 17,25 kg<br \/>feny 10,89 &ndash; 15,43 kg<\/p>\n<p class=\"MsoNormal\" style=\"text-align: justify;\"><strong>Velikost<\/strong><br \/><span style=\"font-family: Arial;\">Po\u017eadovan&aacute; kohoutkov&aacute; v&yacute;&scaron;ka \u010din&iacute; 35,56 &ndash; 40,64 cm.<\/span><\/p>\n<p class=\"MsoNormal\" style=\"text-align: justify;\"><strong>Vady<br \/><\/strong><span style=\"font-family: Arial;\">Ka\u017edou odchylku od v&yacute;&scaron;e uveden&yacute;ch po\u017eadavk\u016f je t\u0159eba pova\u017eovat za vadu a m&iacute;ra z&aacute;va\u017enosti, s jakou by se m\u011blo na tuto vadu pohl&iacute;\u017eet, by m\u011bla b&yacute;t p\u0159&iacute;mo &uacute;m\u011brn&aacute; stupni odchylky.<\/span><\/p>\n<p class=\"MsoNormal\" style=\"text-align: justify;\"><span lang=\"EN-US\" style=\"font-family: Arial; mso-ansi-language: EN-US;\">pozn.: Psi by m\u011bli vykazovat dv\u011b z\u0159eteln\u011b norm&aacute;ln&iacute; varlata, pln\u011b sestoupl&aacute; v<\/span><span style=\"font-family: Arial;\">&nbsp;<\/span><span lang=\"EN-US\" style=\"font-family: Arial; mso-ansi-language: EN-US;\">&scaron;ourku.<\/span><\/p>\n<p class=\"MsoNormal\" style=\"text-align: justify;\"><span lang=\"EN-US\" style=\"font-family: Arial; mso-ansi-language: EN-US;\"><strong>Ofici&aacute;ln&iacute; verze standardu:<\/strong><br \/>ofici&aacute;ln&iacute; FCI:&nbsp;<a href=\"http:\/\/www.fci.be\/en\/nomenclature\/STAFFORDSHIRE-BULL-TERRIER-76.html\" target=\"_blank\" rel=\"noopener\">Federation Cynologique Internationale &ndash; breeds nomencalture&nbsp;Staffordshire Bull Terrier<\/a><br \/>v \u010desk&eacute;m jazyce:&nbsp;<a href=\"https:\/\/staffbullclub.cz\/plemeno\/standard.html\" target=\"_blank\" rel=\"noopener\">Staffordshire Bull Terrier Club CZ &#8211; Standard<\/a><\/span><\/p>\n<\/div>\n<\/div>\n<\/div>\n","protected":false},"excerpt":{"rendered":"Staford\u0161\u00edrsk\u00fd bulteri\u00e9r &#8211; standard plemene Standard FCI \u010d. 76 \/ 14.02.1995 Zem\u011b p\u016fvodu:&nbsp;Velk&aacute; Brit&aacute;nie Klasifikace F.C.I.Skupina 3, teri&eacute;\u0159iSekce 3, teri&eacute;\u0159i typu bullBez pracovn&iacute; zkou&scaron;ky. Celkov&yacute; vzhledHladkosrst&yacute;, dob\u0159e vyv&aacute;\u017een&yacute; a na svou velikost velmi siln&yacute; pes. Svalnat&yacute;, aktivn&iacute; a pohybliv&yacute;. Charakteristick&eacute; rysyJe zn&aacute;m&yacute; svou bezmeznou odvahou a hou\u017eevnatost&iacute;. Vysoce inteligentn&iacute; a velmi laskav&yacute; zejm&eacute;na k d\u011btem.<span class=\"read-more-wrap\"><a class=\"moretag\" href=\"https:\/\/stindubravy.cz\/?page_id=57\">\u010c\u00edst d\u00e1le <span class=\"screen-reader-text\">Standard SBT<\/span><\/a><\/span>","protected":false},"author":1,"featured_media":0,"parent":55,"menu_order":3,"comment_status":"closed","ping_status":"closed","template":"template-fullwidth.php","meta":[],"_links":{"self":[{"href":"https:\/\/stindubravy.cz\/index.php?rest_route=\/wp\/v2\/pages\/57"}],"collection":[{"href":"https:\/\/stindubravy.cz\/index.php?rest_route=\/wp\/v2\/pages"}],"about":[{"href":"https:\/\/stindubravy.cz\/index.php?rest_route=\/wp\/v2\/types\/page"}],"author":[{"embeddable":true,"href":"https:\/\/stindubravy.cz\/index.php?rest_route=\/wp\/v2\/users\/1"}],"replies":[{"embeddable":true,"href":"https:\/\/stindubravy.cz\/index.php?rest_route=%2Fwp%2Fv2%2Fcomments&post=57"}],"version-history":[{"count":27,"href":"https:\/\/stindubravy.cz\/index.php?rest_route=\/wp\/v2\/pages\/57\/revisions"}],"predecessor-version":[{"id":2649,"href":"https:\/\/stindubravy.cz\/index.php?rest_route=\/wp\/v2\/pages\/57\/revisions\/2649"}],"up":[{"embeddable":true,"href":"https:\/\/stindubravy.cz\/index.php?rest_route=\/wp\/v2\/pages\/55"}],"wp:attachment":[{"href":"https:\/\/stindubravy.cz\/index.php?rest_route=%2Fwp%2Fv2%2Fmedia&parent=57"}],"curies":[{"name":"wp","href":"https:\/\/api.w.org\/{rel}","templated":true}]}}