{"id":6,"date":"2016-09-30T21:39:08","date_gmt":"2016-09-30T20:39:08","guid":{"rendered":"http:\/\/stindubravy.cz\/?page_id=6"},"modified":"2017-04-12T10:22:28","modified_gmt":"2017-04-12T09:22:28","slug":"nase-smecka","status":"publish","type":"page","link":"https:\/\/stindubravy.cz\/","title":{"rendered":"Na\u0161e sme\u010dka"},"content":{"rendered":"<div class=\"mp-row-fluid motopress-row mp-row-fullwidth-content mpce-prvt-6-58edf0b547924 mpce-dsbl-margin-left mpce-dsbl-margin-right\">\n<div class=\"motopress-clmn mp-span12  mpce-prvt-6-58edf0f847965 mpce-dsbl-margin-left mpce-dsbl-margin-right  motopress-space\" style=\"min-height: 550px;\">\n<div class=\"motopress-space-obj mpce-dsbl-background-image-type mpce-dsbl-background-image mpce-dsbl-background-gradient mpce-dsbl-background-position mpce-dsbl-background-position-x mpce-dsbl-background-position-y mpce-dsbl-background-repeat mpce-dsbl-background-size mpce-dsbl-background-attachment mpce-dsbl-margin-left mpce-dsbl-margin-right mpce-dsbl-background-color mpce-dsbl-border-top-width mpce-dsbl-border-bottom-width mpce-dsbl-border-left-width mpce-dsbl-border-right-width mpce-dsbl-border-top-left-radius mpce-dsbl-border-top-right-radius mpce-dsbl-border-bottom-left-radius mpce-dsbl-border-bottom-right-radius mpce-dsbl-border-style mpce-dsbl-border-color mpce-dsbl-padding-left mpce-dsbl-padding-right mpce-dsbl-margin-top mpce-dsbl-margin-bottom mpce-dsbl-color\"  data-min-height=\"0\"><div><\/div><\/div>\n<\/div>\n<\/div>\n<div class=\"mp-row-fluid motopress-row mpce-dsbl-margin-left mpce-dsbl-margin-right\">\n<div class=\"motopress-clmn mp-span12  mpce-dsbl-margin-left mpce-dsbl-margin-right\">\n<div class=\"motopress-posts-grid-obj motopress-posts-grid-gap-30 motopress-posts-grid-basic\" data-shortcode-attrs=\"query_type=simple&custom_tax_field=slug&posts_per_page=2&posts_order=DESC&columns=1&template=plugins%2Fmotopress-content-editor-lite%2Fincludes%2Fce%2Fshortcodes%2Fpost_grid%2Ftemplates%2Ftemplate2.php&posts_gap=30&show_featured_image=false&image_size=thumbnail&title_tag=h2&show_date_comments=false&show_content=short&short_content_length=500&read_more_text=Pokra%C4%8Duj&display_style=show_all&load_more_text=Load+More&filter=none&filter_tax_1=category&filter_tax_2=post_tag&filter_btn_color=motopress-btn-color-silver&filter_btn_divider=%2F&filter_cats_text=Rubriky%3A&filter_tags_text=%C5%A0t%C3%ADtky%3A&filter_all_text=V%C5%A1e&key=0664ef256374b8ab90847da7abe4b66d\" data-post-id=\"6\"><div class=\"motopress-paged-content\" data-columns=\"1\"><div class=\"mp-row-fluid motopress-filter-row\"><div class=\"motopress-filter-col mp-span12\">\n<article class=\"post-2774 post type-post status-publish format-standard has-post-thumbnail hentry category-nezarazene\">\n\n<h2 class=\"motopress-posts-grid-title\"><a href=\"https:\/\/stindubravy.cz\/?p=2774\">Podjesenn\u00e9 zrozen\u00ed<\/a><\/h2>\n<div class=\"motopress-posts-grid-content\">L&eacute;to odcv&aacute;lalo na kapk&aacute;ch de&scaron;t\u011b, kter&yacute;ch tentokr&aacute;t brzk&yacute; podzim p\u0159inesl v&iacute;ce ne\u017e dost.&nbsp; Tolik, \u017ee i na&scaron;e \u017eivotod&aacute;rn&aacute; \u0159eka Morava se op\u011bt zachv\u011bla ve sv&yacute;ch n&aacute;siln\u011b na sk\u0159ipci nata\u017een&yacute;ch um\u011ble nap\u0159&iacute;men&yacute;ch b\u0159ez&iacute;ch a naplnila se a\u017e po okraj.&nbsp; A jak j&iacute; p\u0159irozenost velela, u\u017eila sv&eacute; n&aacute;hle uvoln\u011bn&eacute; s&iacute;ly a za\u010dala si uvol\u0148ovat klouby do sv&yac...<\/div>\n<p class=\"motopress-posts-grid-more\"><a href=\"https:\/\/stindubravy.cz\/?p=2774\">Pokra\u010duj<\/a><\/p><\/article>\n<\/div><\/div><div class=\"mp-row-fluid motopress-filter-row\"><div class=\"motopress-filter-col mp-span12\">\n<article class=\"post-2043 post type-post status-publish format-standard has-post-thumbnail hentry category-nezarazene\">\n\n<h2 class=\"motopress-posts-grid-title\"><a href=\"https:\/\/stindubravy.cz\/?p=2043\">Po \u010dase jsme zase zp\u00e1tky<\/a><\/h2>\n<div class=\"motopress-posts-grid-content\">Kdepak byli, kampak se n&aacute;m ti \u010derchmanti schovali?&nbsp; Takovou dobu se neozvali.&nbsp; Jsou tam v\u016fbec je&scaron;t\u011b?&nbsp;&nbsp;Jsme, jist\u011b jsme.&nbsp; Jen jsme si vybrali, by\u0165 i mali\u010dko del&scaron;&iacute; a v\u016f\u010di na&scaron;im p\u0159&aacute;tel\u016fm jist\u011b neodpustitelnou, p\u0159est&aacute;vku.\n\n\n\n\n\n\nM&aacute;me za sebou obdob&iacute; pln&eacute; zm\u011bn, \u010das, kter&yacute; prolet\u011bl a nechal n&aacute;s zase o pozn&aacute;n&iacute;, \u0159ekn\u011bme, zku&scaron;en\u011bj&scaron;&iacute;.&nbsp; A co\u017ee se to v&scaron;ec...<\/div>\n<p class=\"motopress-posts-grid-more\"><a href=\"https:\/\/stindubravy.cz\/?p=2043\">Pokra\u010duj<\/a><\/p><\/article>\n<\/div><\/div><\/div><\/div>\n<\/div>\n<\/div>\n","protected":false},"excerpt":{"rendered":"Kdepak byli, kampak se n&aacute;m ti \u010derchmanti schovali?&nbsp; Takovou dobu se neozvali.&nbsp; Jsou tam v\u016fbec je&scaron;t\u011b?&nbsp;&nbsp;Jsme, jist\u011b jsme.&nbsp; Jen jsme si vybrali, by\u0165 i mali\u010dko del&scaron;&iacute; a v\u016f\u010di na&scaron;im p\u0159&aacute;tel\u016fm jist\u011b neodpustitelnou, p\u0159est&aacute;vku. M&aacute;me za sebou obdob&iacute; pln&eacute; zm\u011bn, \u010das, kter&yacute; prolet\u011bl a nechal n&aacute;s zase o pozn&aacute;n&iacute;, \u0159ekn\u011bme, zku&scaron;en\u011bj&scaron;&iacute;.&nbsp; A co\u017ee se to v&scaron;echno<span class=\"read-more-wrap\"><a class=\"moretag\" href=\"https:\/\/stindubravy.cz\/?p=2043\">\u010c\u00edst d\u00e1le <span class=\"screen-reader-text\">Po \u010dase jsme zase zp\u00e1tky<\/span><\/a><\/span>","protected":false},"author":1,"featured_media":0,"parent":0,"menu_order":0,"comment_status":"closed","ping_status":"closed","template":"template-fullwidth.php","meta":[],"_links":{"self":[{"href":"https:\/\/stindubravy.cz\/index.php?rest_route=\/wp\/v2\/pages\/6"}],"collection":[{"href":"https:\/\/stindubravy.cz\/index.php?rest_route=\/wp\/v2\/pages"}],"about":[{"href":"https:\/\/stindubravy.cz\/index.php?rest_route=\/wp\/v2\/types\/page"}],"author":[{"embeddable":true,"href":"https:\/\/stindubravy.cz\/index.php?rest_route=\/wp\/v2\/users\/1"}],"replies":[{"embeddable":true,"href":"https:\/\/stindubravy.cz\/index.php?rest_route=%2Fwp%2Fv2%2Fcomments&post=6"}],"version-history":[{"count":4,"href":"https:\/\/stindubravy.cz\/index.php?rest_route=\/wp\/v2\/pages\/6\/revisions"}],"predecessor-version":[{"id":926,"href":"https:\/\/stindubravy.cz\/index.php?rest_route=\/wp\/v2\/pages\/6\/revisions\/926"}],"wp:attachment":[{"href":"https:\/\/stindubravy.cz\/index.php?rest_route=%2Fwp%2Fv2%2Fmedia&parent=6"}],"curies":[{"name":"wp","href":"https:\/\/api.w.org\/{rel}","templated":true}]}}